{"id":33,"date":"2019-07-14T08:11:39","date_gmt":"2019-07-14T08:11:39","guid":{"rendered":"http:\/\/siurotbk.dev.theroomsocial.com?page_id=33"},"modified":"2021-07-13T08:43:25","modified_gmt":"2021-07-13T06:43:25","slug":"aviso-legal","status":"publish","type":"page","link":"http:\/\/siurotbk.dev.theroomsocial.com\/?page_id=33","title":{"rendered":"Aviso legal"},"content":{"rendered":"<p style=\"text-align: justify;\">COLEGIO MANUEL SIUROT S.C.A. se reserva el derecho de modificar cualquier tipo de informaci\u00f3n que pudiera aparecer en el sitio web, sin que exista obligaci\u00f3n de preavisar o poner en conocimiento de los usuarios dichas obligaciones, entendi\u00e9ndose como suficiente con la publicaci\u00f3n en el sitio web de COLEGIO MANUEL SIUROT S.C.A.<\/p>\n<p style=\"text-align: justify;\">En cumplimiento del art\u00edculo 10 de la Ley 34\/2002, de 11 de julio, de Servicios de la Sociedad de la Informaci\u00f3n y Comercio Electr\u00f3nico, a continuaci\u00f3n se exponen los datos identificativos de la empresa propietaria del dominio WWW.MANUELSIUROT.ES:<\/p>\n<h3 style=\"text-align: justify;\">Datos identificativos:<\/h3>\n<p style=\"text-align: justify;\">\u2013 Nombre de dominio: WWW.MANUELSIUROT.ES<\/p>\n<p style=\"text-align: justify;\">\u2013 Denominaci\u00f3n social: COLEGIO MANUEL SIUROT S.C.A.<\/p>\n<p style=\"text-align: justify;\">\u2013 CIF: F29264249<\/p>\n<p style=\"text-align: justify;\">\u2013 Domicilio social: C\/BAR\u00d3N DE LES, 9, 29010 DE M\u00c1LAGA<\/p>\n<p style=\"text-align: justify;\">\u2013 Tel\u00e9fono: 952274545<\/p>\n<p style=\"text-align: justify;\">\u2013 E-mail: SECRETARIA@MANUELSIUROT.ES<\/p>\n<h3 style=\"text-align: justify;\">Derechos de propiedad intelectual e industrial:<\/h3>\n<p style=\"text-align: justify;\">El sitio web, incluyendo a t\u00edtulo enunciativo pero no limitativo su programaci\u00f3n, edici\u00f3n, compilaci\u00f3n y dem\u00e1s elementos necesarios para su funcionamiento, los dise\u00f1os, logotipos, texto y\/o gr\u00e1ficos, son propiedad del responsable o, si es el caso, dispone de licencia o autorizaci\u00f3n expresa por parte de los autores.<\/p>\n<p style=\"text-align: justify;\">Todos los contenidos del sitio web se encuentran debidamente protegidos por la normativa de propiedad intelectual e industrial, as\u00ed como inscritos en los registros p\u00fablicos correspondientes. Independientemente de la finalidad para la que fueran destinados, la reproducci\u00f3n total o parcial, uso, explotaci\u00f3n, distribuci\u00f3n y comercializaci\u00f3n, requiere en todo caso de la autorizaci\u00f3n escrita previa por parte del responsable. Cualquier uso no autorizado previamente se considera un incumplimiento grave de los derechos de propiedad intelectual o industrial del autor. Los dise\u00f1os, logotipos, texto y\/o gr\u00e1ficos ajenos al responsable y que pudieran aparecer en el sitio web, pertenecen a sus respectivos propietarios, siendo ellos mismos responsables de cualquier posible controversia que pudiera suscitarse respecto a los mismos. El responsable autoriza expresamente a que terceros puedan redirigir directamente a los contenidos concretos del sitio web, y en todo caso redirigir al sitio web principal de WWW.MANUELSIUROT.ES<\/p>\n<p style=\"text-align: justify;\">El responsable reconoce a favor de sus titulares los correspondientes derechos de propiedad intelectual e industrial, no implicando su sola menci\u00f3n o aparici\u00f3n en el sitio web la existencia de derechos o responsabilidad alguna sobre los mismos, como tampoco respaldo, patrocinio o recomendaci\u00f3n por parte del mismo.<\/p>\n<p style=\"text-align: justify;\">Para realizar cualquier tipo de observaci\u00f3n respecto a posibles incumplimientos de los derechos de propiedad intelectual o industrial, as\u00ed como sobre cualquiera de los contenidos del sitio web, puede hacerlo a trav\u00e9s del correo electr\u00f3nico SECRETARIA@MANUELSIUROT.ES o a la siguiente direcci\u00f3n postal: C\/BAR\u00d3N DE LES, 9, 29010 DE M\u00c1LAGA.<\/p>\n<h3 style=\"text-align: justify;\">Navegaci\u00f3n, acceso y seguridad:<\/h3>\n<p style=\"text-align: justify;\">El acceso, navegaci\u00f3n y utilizaci\u00f3n de esta p\u00e1gina web implica por tu parte la aceptaci\u00f3n expresa y sin reservas de todos los t\u00e9rminos de la presente Pol\u00edtica de Privacidad y Protecci\u00f3n de datos, teniendo la misma validez y eficacia que cualquier contrato celebrado por escrito y firmado. En este sentido, se entender\u00e1 por Usuario a la persona que acceda, navegue, utilice o participe en los servicios y actividades, gratuitas u onerosas, desarrolladas en el Sitio Web.<\/p>\n<p style=\"text-align: justify;\">El acceso, navegaci\u00f3n y utilizaci\u00f3n de este Sitio web supone la aceptaci\u00f3n expresa y sin reservas de todas las advertencias legales, condiciones y t\u00e9rminos de uso contenidas en el presente Pol\u00edtica de Privacidad y Protecci\u00f3n de datos. COLEGIO MANUEL SIUROT S.C.A. realiza los m\u00e1ximos esfuerzos para que la navegaci\u00f3n se realice en las mejores condiciones y evitar los perjuicios de cualquier tipo que pudiesen ocasionarse durante la misma. COLEGIO MANUEL SIUROT S.C.A. no se responsabiliza ni garantiza que el acceso a este Sitio web sea ininterrumpido o que est\u00e9 libre de error. Tampoco se responsabiliza o garantiza que el contenido o software al que pueda accederse a trav\u00e9s de este Sitio web, est\u00e9 libre de error o cause un da\u00f1o. En ning\u00fan caso COLEGIO MANUEL SIUROT S.C.A. ser\u00e1 responsable por las p\u00e9rdidas, da\u00f1os o perjuicios de cualquier tipo que surjan por el acceso y el uso de la p\u00e1gina Web, incluy\u00e9ndose, pero no limit\u00e1ndose, a los ocasionados a los sistemas inform\u00e1ticos o los provocados por la introducci\u00f3n de virus, ni se hace responsable de los da\u00f1os que pudiesen ocasionarse a los usuarios por un uso inadecuado de este Sitio web. Los servicios ofertados en este Sitio web s\u00f3lo pueden ser utilizados correctamente si se cumplen las especificaciones t\u00e9cnicas para las que ha sido dise\u00f1ado.<\/p>\n<p style=\"text-align: justify;\">\u00a0Queda prohibido el acceso a este Sitio Web por parte de menores de 14 a\u00f1os, salvo que cuenten con la autorizaci\u00f3n previa y expresa de sus padres, tutores o representantes legales, los cuales ser\u00e1n considerados como responsables de los actos que lleven a cabo los menores a su cargo, conforme a la normativa vigente. En todo caso, se presumir\u00e1 que el acceso realizado por un menor al Sitio Web se ha realizado con autorizaci\u00f3n previa y expresa de sus padres, tutores o representantes legales.<\/p>\n<h3 style=\"text-align: justify;\">Exenci\u00f3n de responsabilidades el responsable:<\/h3>\n<p style=\"text-align: justify;\">Se exime de cualquier tipo de responsabilidad derivada de la informaci\u00f3n publicada en su sitio web siempre que esta informaci\u00f3n haya sido manipulada o introducida por un tercero ajeno al mismo. Pol\u00edtica de enlaces desde el sitio web, es posible que se redirija a contenidos de terceros sitios web. Dado que el responsable no puede controlar siempre los contenidos introducidos por los terceros en sus respectivos sitios web, no asume ning\u00fan tipo de responsabilidad respecto a dichos contenidos. En todo caso, proceder\u00e1 a la retirada inmediata de cualquier contenido que pudiera contravenir la legislaci\u00f3n nacional o internacional, la moral o el orden p\u00fablico, procediendo a la retirada inmediata de la redirecci\u00f3n a dicho sitio web, poniendo en conocimiento de las autoridades competentes el contenido en cuesti\u00f3n. El responsable no se hace responsable de la informaci\u00f3n y contenidos almacenados, a t\u00edtulo enunciativo, pero no limitativo, en foros, chats, generadores de blogs, comentarios, redes sociales o cualquier otro medio que permita a terceros publicar contenidos de forma independiente en la p\u00e1gina web del responsable. Sin embargo, y en cumplimiento de lo dispuesto en los art\u00edculos 11 y 16 de la LSSICE, se pone a disposici\u00f3n de todos los usuarios, autoridades y fuerzas de seguridad, colaborando de forma activa en la retirada o, en su caso, bloqueo de todos aquellos contenidos que puedan afectar o contravenir la legislaci\u00f3n nacional o internacional, los derechos de terceros o la moral y el orden p\u00fablico. En caso de que el usuario considere que existe en el sitio web alg\u00fan contenido que pudiera ser susceptible de esta clasificaci\u00f3n, se ruega lo notifique de forma inmediata al administrador del sitio web. Este sitio web ha sido revisado y probado para que funcione correctamente. En principio, puede garantizarse el correcto funcionamiento los 365 d\u00edas del a\u00f1o, 24 horas al d\u00eda. Sin embargo, el responsable no descarta la posibilidad de que existan ciertos errores de programaci\u00f3n, o que acontezcan causas de fuerza mayor, cat\u00e1strofes naturales, huelgas o circunstancias semejantes que hagan imposible el acceso a la p\u00e1gina web.<\/p>\n<h3 style=\"text-align: justify;\">Condiciones adicionales:<\/h3>\n<p style=\"text-align: justify;\">El usuario que introduce los datos, es el responsable \u00fanico y final de la veracidad de la informaci\u00f3n suministrada en el servicio y en las modificaciones de los mismos que pueda realizar hasta la finalizaci\u00f3n del mismo.<\/p>\n<h3 style=\"text-align: justify;\">Actualizaci\u00f3n y modificaci\u00f3n de la informaci\u00f3n:<\/h3>\n<p style=\"text-align: justify;\">La informaci\u00f3n que aparece en este sitio web es la vigente en la fecha de su \u00faltima actualizaci\u00f3n. COLEGIO MANUEL SIUROT S.C.A. se reserva el derecho a actualizar, modificar o eliminar la informaci\u00f3n de este sitio web, pudiendo limitar o no permitir el acceso al mismo. No se podr\u00e1 alterar, cambiar, modificar, o adaptar este sitio web. Sin embargo, COLEGIO MANUEL SIUROT S.C.A. se reserva la facultad de efectuar, en cualquier momento, cuantos cambios y modificaciones estime convenientes, pudiendo hacer uso de tal facultad en cualquier momento y sin previo aviso.<\/p>\n<h3 style=\"text-align: justify;\">Ley aplicable y jurisdicci\u00f3n:<\/h3>\n<p style=\"text-align: justify;\">Las presentes Condiciones se regir\u00e1n e interpretar\u00e1n de acuerdo con la legislaci\u00f3n com\u00fan espa\u00f1ola. Para cuantas cuestiones pudieran surgir sobre la interpretaci\u00f3n, cumplimiento, rescisi\u00f3n o resoluci\u00f3n de las Condiciones Generales, las Partes se someten a la jurisdicci\u00f3n y competencia de los Juzgados y Tribunales de la ciudad de CIUDADEMPRESA. No obstante, lo anterior, de conformidad con la legislaci\u00f3n espa\u00f1ola, para cuantas cuestiones pudieran surgir en relaci\u00f3n con estas Condiciones Generales ser\u00e1n competentes los juzgados y tribunales del domicilio que resulte de aplicaci\u00f3n, de conformidad con el art\u00edculo 52 de la Ley de Enjuiciamiento Civil o norma sustitutiva aplicable en cada momento.<\/p>\n","protected":false},"excerpt":{"rendered":"<p>COLEGIO MANUEL SIUROT S.C.A. se reserva el derecho de modificar cualquier tipo de informaci\u00f3n que pudiera aparecer en el sitio web, sin que exista obligaci\u00f3n de preavisar o poner en conocimiento de los usuarios dichas obligaciones, entendi\u00e9ndose como suficiente con la publicaci\u00f3n en el sitio web de COLEGIO MANUEL SIUROT S.C.A. En cumplimiento del art\u00edculo [&hellip;]<\/p>\n","protected":false},"author":1,"featured_media":16,"parent":0,"menu_order":0,"comment_status":"closed","ping_status":"closed","template":"","meta":{"footnotes":""},"yoast_head":"<!-- This site is optimized with the Yoast SEO plugin v21.7 - https:\/\/yoast.com\/wordpress\/plugins\/seo\/ -->\n<title>Aviso legal - Colegio Manuel Siurot de M\u00e1laga<\/title>\n<meta name=\"robots\" content=\"index, follow, max-snippet:-1, max-image-preview:large, max-video-preview:-1\" \/>\n<link rel=\"canonical\" href=\"http:\/\/siurotbk.dev.theroomsocial.com\/?page_id=33\" \/>\n<meta property=\"og:locale\" content=\"es_ES\" \/>\n<meta property=\"og:type\" content=\"article\" \/>\n<meta property=\"og:title\" content=\"Aviso legal - Colegio Manuel Siurot de M\u00e1laga\" \/>\n<meta property=\"og:description\" content=\"COLEGIO MANUEL SIUROT S.C.A. se reserva el derecho de modificar cualquier tipo de informaci\u00f3n que pudiera aparecer en el sitio web, sin que exista obligaci\u00f3n de preavisar o poner en conocimiento de los usuarios dichas obligaciones, entendi\u00e9ndose como suficiente con la publicaci\u00f3n en el sitio web de COLEGIO MANUEL SIUROT S.C.A. En cumplimiento del art\u00edculo [&hellip;]\" \/>\n<meta property=\"og:url\" content=\"http:\/\/siurotbk.dev.theroomsocial.com\/?page_id=33\" \/>\n<meta property=\"og:site_name\" content=\"Colegio Manuel Siurot de M\u00e1laga\" \/>\n<meta property=\"article:publisher\" content=\"https:\/\/www.facebook.com\/colegiomanuelsiurot\/\" \/>\n<meta property=\"article:modified_time\" content=\"2021-07-13T06:43:25+00:00\" \/>\n<meta property=\"og:image\" content=\"http:\/\/siurotbk.dev.theroomsocial.com\/wp-content\/uploads\/2019\/07\/favicon.png\" \/>\n\t<meta property=\"og:image:width\" content=\"512\" \/>\n\t<meta property=\"og:image:height\" content=\"512\" \/>\n\t<meta property=\"og:image:type\" content=\"image\/png\" \/>\n<meta name=\"twitter:card\" content=\"summary_large_image\" \/>\n<meta name=\"twitter:site\" content=\"@colegiomsiurot\" \/>\n<meta name=\"twitter:label1\" content=\"Tiempo de lectura\" \/>\n\t<meta name=\"twitter:data1\" content=\"7 minutos\" \/>\n<script type=\"application\/ld+json\" class=\"yoast-schema-graph\">{\"@context\":\"https:\/\/schema.org\",\"@graph\":[{\"@type\":\"WebPage\",\"@id\":\"http:\/\/siurotbk.dev.theroomsocial.com\/?page_id=33\",\"url\":\"http:\/\/siurotbk.dev.theroomsocial.com\/?page_id=33\",\"name\":\"Aviso legal - Colegio Manuel Siurot de M\u00e1laga\",\"isPartOf\":{\"@id\":\"https:\/\/siurotbk.dev.theroomsocial.com\/#website\"},\"datePublished\":\"2019-07-14T08:11:39+00:00\",\"dateModified\":\"2021-07-13T06:43:25+00:00\",\"breadcrumb\":{\"@id\":\"http:\/\/siurotbk.dev.theroomsocial.com\/?page_id=33#breadcrumb\"},\"inLanguage\":\"es\",\"potentialAction\":[{\"@type\":\"ReadAction\",\"target\":[\"http:\/\/siurotbk.dev.theroomsocial.com\/?page_id=33\"]}]},{\"@type\":\"BreadcrumbList\",\"@id\":\"http:\/\/siurotbk.dev.theroomsocial.com\/?page_id=33#breadcrumb\",\"itemListElement\":[{\"@type\":\"ListItem\",\"position\":1,\"name\":\"Portada\",\"item\":\"https:\/\/siurotbk.dev.theroomsocial.com\/\"},{\"@type\":\"ListItem\",\"position\":2,\"name\":\"Aviso legal\"}]},{\"@type\":\"WebSite\",\"@id\":\"https:\/\/siurotbk.dev.theroomsocial.com\/#website\",\"url\":\"https:\/\/siurotbk.dev.theroomsocial.com\/\",\"name\":\"Colegio Manuel Siurot de M\u00e1laga\",\"description\":\"Colegio concertado biling\u00fce\",\"potentialAction\":[{\"@type\":\"SearchAction\",\"target\":{\"@type\":\"EntryPoint\",\"urlTemplate\":\"https:\/\/siurotbk.dev.theroomsocial.com\/?s={search_term_string}\"},\"query-input\":\"required name=search_term_string\"}],\"inLanguage\":\"es\"}]}<\/script>\n<!-- \/ Yoast SEO plugin. -->","yoast_head_json":{"title":"Aviso legal - Colegio Manuel Siurot de M\u00e1laga","robots":{"index":"index","follow":"follow","max-snippet":"max-snippet:-1","max-image-preview":"max-image-preview:large","max-video-preview":"max-video-preview:-1"},"canonical":"http:\/\/siurotbk.dev.theroomsocial.com\/?page_id=33","og_locale":"es_ES","og_type":"article","og_title":"Aviso legal - Colegio Manuel Siurot de M\u00e1laga","og_description":"COLEGIO MANUEL SIUROT S.C.A. se reserva el derecho de modificar cualquier tipo de informaci\u00f3n que pudiera aparecer en el sitio web, sin que exista obligaci\u00f3n de preavisar o poner en conocimiento de los usuarios dichas obligaciones, entendi\u00e9ndose como suficiente con la publicaci\u00f3n en el sitio web de COLEGIO MANUEL SIUROT S.C.A. En cumplimiento del art\u00edculo [&hellip;]","og_url":"http:\/\/siurotbk.dev.theroomsocial.com\/?page_id=33","og_site_name":"Colegio Manuel Siurot de M\u00e1laga","article_publisher":"https:\/\/www.facebook.com\/colegiomanuelsiurot\/","article_modified_time":"2021-07-13T06:43:25+00:00","og_image":[{"width":512,"height":512,"url":"http:\/\/siurotbk.dev.theroomsocial.com\/wp-content\/uploads\/2019\/07\/favicon.png","type":"image\/png"}],"twitter_card":"summary_large_image","twitter_site":"@colegiomsiurot","twitter_misc":{"Tiempo de lectura":"7 minutos"},"schema":{"@context":"https:\/\/schema.org","@graph":[{"@type":"WebPage","@id":"http:\/\/siurotbk.dev.theroomsocial.com\/?page_id=33","url":"http:\/\/siurotbk.dev.theroomsocial.com\/?page_id=33","name":"Aviso legal - Colegio Manuel Siurot de M\u00e1laga","isPartOf":{"@id":"https:\/\/siurotbk.dev.theroomsocial.com\/#website"},"datePublished":"2019-07-14T08:11:39+00:00","dateModified":"2021-07-13T06:43:25+00:00","breadcrumb":{"@id":"http:\/\/siurotbk.dev.theroomsocial.com\/?page_id=33#breadcrumb"},"inLanguage":"es","potentialAction":[{"@type":"ReadAction","target":["http:\/\/siurotbk.dev.theroomsocial.com\/?page_id=33"]}]},{"@type":"BreadcrumbList","@id":"http:\/\/siurotbk.dev.theroomsocial.com\/?page_id=33#breadcrumb","itemListElement":[{"@type":"ListItem","position":1,"name":"Portada","item":"https:\/\/siurotbk.dev.theroomsocial.com\/"},{"@type":"ListItem","position":2,"name":"Aviso legal"}]},{"@type":"WebSite","@id":"https:\/\/siurotbk.dev.theroomsocial.com\/#website","url":"https:\/\/siurotbk.dev.theroomsocial.com\/","name":"Colegio Manuel Siurot de M\u00e1laga","description":"Colegio concertado biling\u00fce","potentialAction":[{"@type":"SearchAction","target":{"@type":"EntryPoint","urlTemplate":"https:\/\/siurotbk.dev.theroomsocial.com\/?s={search_term_string}"},"query-input":"required name=search_term_string"}],"inLanguage":"es"}]}},"_links":{"self":[{"href":"http:\/\/siurotbk.dev.theroomsocial.com\/index.php?rest_route=\/wp\/v2\/pages\/33"}],"collection":[{"href":"http:\/\/siurotbk.dev.theroomsocial.com\/index.php?rest_route=\/wp\/v2\/pages"}],"about":[{"href":"http:\/\/siurotbk.dev.theroomsocial.com\/index.php?rest_route=\/wp\/v2\/types\/page"}],"author":[{"embeddable":true,"href":"http:\/\/siurotbk.dev.theroomsocial.com\/index.php?rest_route=\/wp\/v2\/users\/1"}],"replies":[{"embeddable":true,"href":"http:\/\/siurotbk.dev.theroomsocial.com\/index.php?rest_route=%2Fwp%2Fv2%2Fcomments&post=33"}],"version-history":[{"count":8,"href":"http:\/\/siurotbk.dev.theroomsocial.com\/index.php?rest_route=\/wp\/v2\/pages\/33\/revisions"}],"predecessor-version":[{"id":5312,"href":"http:\/\/siurotbk.dev.theroomsocial.com\/index.php?rest_route=\/wp\/v2\/pages\/33\/revisions\/5312"}],"wp:featuredmedia":[{"embeddable":true,"href":"http:\/\/siurotbk.dev.theroomsocial.com\/index.php?rest_route=\/wp\/v2\/media\/16"}],"wp:attachment":[{"href":"http:\/\/siurotbk.dev.theroomsocial.com\/index.php?rest_route=%2Fwp%2Fv2%2Fmedia&parent=33"}],"curies":[{"name":"wp","href":"https:\/\/api.w.org\/{rel}","templated":true}]}}