{"id":222,"date":"2019-08-08T09:42:57","date_gmt":"2019-08-08T09:42:57","guid":{"rendered":"http:\/\/siurotbk.dev.theroomsocial.com?page_id=222"},"modified":"2022-07-22T18:19:34","modified_gmt":"2022-07-22T16:19:34","slug":"idiomas-siurot","status":"publish","type":"page","link":"http:\/\/siurotbk.dev.theroomsocial.com\/?page_id=222","title":{"rendered":"Idiomas Siurot"},"content":{"rendered":"<p>[vc_row full_width=\u00bbstretch_row\u00bb css=\u00bb.vc_custom_1566128103584{background-position: 0 0 !important;background-repeat: no-repeat !important;}\u00bb][vc_column width=\u00bb2\/3&#8243;][vc_single_image image=\u00bb223&#8243; img_size=\u00bbfull\u00bb alignment=\u00bbcenter\u00bb css_animation=\u00bbfadeInUp\u00bb css=\u00bb.vc_custom_1566144334921{border-top-width: 3px !important;border-right-width: 3px !important;border-bottom-width: 3px !important;border-left-width: 3px !important;border-left-color: #353550 !important;border-left-style: solid !important;border-right-color: #353550 !important;border-right-style: solid !important;border-top-color: #353550 !important;border-top-style: solid !important;border-bottom-color: #353550 !important;border-bottom-style: solid !important;}\u00bb][vc_column_text]<\/p>\n<p style=\"text-align: justify;\">La escuela de idiomas Siurot-Cambridge ofrece una formaci\u00f3n personalizada para la obtenci\u00f3n de certificados oficiales emitidos por la Universidad de Cambridge para sus diferentes niveles.<\/p>\n<h2 style=\"text-align: justify;\">\u00bfPor qu\u00e9 hacer los ex\u00e1menes de Cambridge?<\/h2>\n<p style=\"text-align: justify;\">Cada a\u00f1o m\u00e1s de 3 millones de personas se presentan a los ex\u00e1menes de Cambridge. Los ex\u00e1menes de Cambridge ESOL (English for Speakers of Other Languages) son mundialmente conocidos y los t\u00edtulos obtenidos tienen un reconocimiento internacional por parte de colegios, institutos, universidades, ministerios, agencias internacionales y corporaciones empresariales como prueba tangible del nivel de conocimiento del idioma y como una garant\u00eda en la evaluaci\u00f3n y valoraci\u00f3n de las competencias ling\u00fc\u00edsticas en lengua inglesa.<\/p>\n<h2 style=\"text-align: justify;\">Plan Bolonia<\/h2>\n<p style=\"text-align: justify;\">El Plan Bolonia supone la adaptaci\u00f3n y unificaci\u00f3n de criterios educativos en todos los centros europeos y la creaci\u00f3n del EEES.<\/p>\n<h2 style=\"text-align: justify;\">\u00bfQu\u00e9 es el Espacio Europeo de Educaci\u00f3n Superior (EEES)?<\/h2>\n<p style=\"text-align: justify;\">La Declaraci\u00f3n de Bolonia pone en marcha la creaci\u00f3n de un Espacio Europeo de Educaci\u00f3n Superior para favorecer la movilidad y las oportunidades de empleo de los ciudadanos de la Uni\u00f3n Europea. Con el Plan Bolonia, las universidades europeas est\u00e1n obligadas a internacionalizarse, adem\u00e1s de demandar a los universitarios acreditar un nivel B1 en una segunda lengua (seg\u00fan el Marco Com\u00fan Europeo de las Lenguas) para la obtenci\u00f3n del t\u00edtulo de Grado.<\/p>\n<p style=\"text-align: justify;\">El prop\u00f3sito es que los estudiantes aprendan ingl\u00e9s ya que \u00e9ste es el segundo idioma m\u00e1s hablado del mundo y tiene una importancia incuestionable en el mundo de los negocios.<\/p>\n<h2 style=\"text-align: justify;\">\u00bfQu\u00e9 es el Marco Com\u00fan Europeo de Referencia para las lenguas (MCER)?<\/h2>\n<p style=\"text-align: justify;\">El Marco Com\u00fan Europeo de Referencia para las Lenguas (MCER) desempe\u00f1a un papel fundamental en las pol\u00edticas ling\u00fc\u00edsticas y de educaci\u00f3n, no s\u00f3lo en Europa, sino en todo el mundo. Cada vez adquiere m\u00e1s importancia para los evaluadores de conocimientos ling\u00fc\u00edsticos y las organizaciones de ex\u00e1menes puesto que colabora en la definici\u00f3n de los niveles de competencia ling\u00fc\u00edstica y en la interpretaci\u00f3n de las diferentes titulaciones en idiomas.<\/p>\n<h2 style=\"text-align: justify;\">Descripci\u00f3n de los niveles de competencia ling\u00fc\u00edstica<\/h2>\n<p style=\"text-align: justify;\">El MCER describe la habilidad ling\u00fc\u00edstica en una escala de niveles que parte del A1 de los principiantes y llega hasta el C2 de aquellos que dominan una lengua. Esto permite que todos aquellos relacionados con la ense\u00f1anza o los ex\u00e1menes de idiomas (estudiantes, profesores, formadores de profesores, etc.) puedan identificar con facilidad el nivel correspondiente a las diferentes titulaciones. Tambi\u00e9n facilita a empleadores e instituciones educativas la comparaci\u00f3n de titulaciones y su relaci\u00f3n con los ex\u00e1menes que conocen de sus propios pa\u00edses.<\/p>\n<h2 style=\"text-align: justify;\">B\u00e1sico \/ Nivel A1<\/h2>\n<p style=\"text-align: justify;\">Es capaz de comprender y utilizar expresiones cotidianas de uso muy frecuente as\u00ed como frases sencillas destinadas a satisfacer necesidades de tipo inmediato. Puede presentarse a s\u00ed mismo y a otros, pedir y dar informaci\u00f3n personal b\u00e1sica sobre su domicilio, sus pertenencias y las personas que conoce. Puede relacionarse de forma elemental siempre que su interlocutor hable despacio y con claridad y est\u00e9 dispuesto a cooperar.<\/p>\n<h2 style=\"text-align: justify;\">Usuario b\u00e1sico \/ Nivel A2<\/h2>\n<p style=\"text-align: justify;\">Es capaz de comprender frases y expresiones de uso frecuente relacionadas con \u00e1reas de experiencia que le son especialmente relevantes (informaci\u00f3n b\u00e1sica sobre s\u00ed mismo y su familia, compras, lugares de inter\u00e9s, ocupaciones, etc.). Sabe comunicarse a la hora de llevar a cabo tareas simples y cotidianas que no requieran m\u00e1s que intercambios sencillos y directos de informaci\u00f3n sobre cuestiones que le son conocidas o habituales. Sabe describir en t\u00e9rminos sencillos aspectos de su pasado y su entorno as\u00ed como cuestiones relacionadas con sus necesidades inmediatas.<\/p>\n<h2 style=\"text-align: justify;\">Usuario independiente \/ Nivel B1<\/h2>\n<p style=\"text-align: justify;\">Es capaz de comprender los puntos principales de textos claros y en lengua est\u00e1ndar si tratan sobre cuestiones que le son conocidas, ya sea en situaciones de trabajo, de estudio o de ocio. Sabe desenvolverse en la mayor parte de las situaciones que pueden surgir durante un viaje por zonas donde se utiliza la lengua. Es capaz de producir textos sencillos y coherentes sobre temas que le son familiares o en los que tiene un inter\u00e9s personal. Puede describir experiencias, acontecimientos, deseos y aspiraciones, as\u00ed como justificar brevemente sus opiniones o explicar sus planes<\/p>\n<h2 style=\"text-align: justify;\">Usuario independiente \/ Nivel B2<\/h2>\n<p style=\"text-align: justify;\">Es capaz de entender las ideas principales de textos complejos que traten de temas tanto concretos como abstractos, incluso si son de car\u00e1cter t\u00e9cnico siempre que est\u00e9n dentro de su campo de especializaci\u00f3n. Puede relacionarse con hablantes nativos con un grado suficiente de fluidez y naturalidad de modo que la comunicaci\u00f3n se realice sin esfuerzo por parte de ninguno de los interlocutores. Puede producir textos claros y detallados sobre temas diversos as\u00ed como defender un punto de vista sobre temas generales indicando los pros y los contras de las distintas opciones.<\/p>\n<h2 style=\"text-align: justify;\">Usuario competente \/ Nivel C1<\/h2>\n<p style=\"text-align: justify;\">Es capaz de comprender una amplia variedad de textos extensos y con cierto nivel de exigencia, as\u00ed como reconocer en ellos sentidos impl\u00edcitos. Sabe expresarse de forma fluida y espont\u00e1nea sin muestras muy evidentes de esfuerzo para encontrar la expresi\u00f3n adecuada. Puede hacer un uso flexible y efectivo del idioma para fines sociales, acad\u00e9micos y profesionales. Puede producir textos claros, bien estructurados y detallados sobre temas de cierta complejidad, mostrando un uso correcto de los mecanismos de organizaci\u00f3n, articulaci\u00f3n y cohesi\u00f3n del texto.<\/p>\n<h2 style=\"text-align: justify;\">Usuario competente \/ Nivel C2<\/h2>\n<p style=\"text-align: justify;\">Es capaz de comprender con facilidad pr\u00e1cticamente todo lo que oye o lee. Sabe reconstruir la informaci\u00f3n y los argumentos procedentes de diversas fuentes, ya sean en lengua hablada o escrita, y presentarlos de manera coherente y resumida. Puede expresarse espont\u00e1neamente, con gran fluidez y con un grado de precisi\u00f3n que le permite diferenciar peque\u00f1os matices de significado incluso en situaciones de mayor complejidad.<\/p>\n<p>[\/vc_column_text][\/vc_column][vc_column width=\u00bb1\/3&#8243;][vc_widget_sidebar sidebar_id=\u00bbtd-default\u00bb][\/vc_column][\/vc_row]<\/p>\n","protected":false},"excerpt":{"rendered":"<p>[vc_row full_width=\u00bbstretch_row\u00bb css=\u00bb.vc_custom_1566128103584{background-position: 0 0 !important;background-repeat: no-repeat !important;}\u00bb][vc_column width=\u00bb2\/3&#8243;][vc_single_image image=\u00bb223&#8243; img_size=\u00bbfull\u00bb alignment=\u00bbcenter\u00bb css_animation=\u00bbfadeInUp\u00bb css=\u00bb.vc_custom_1566144334921{border-top-width: 3px !important;border-right-width: 3px !important;border-bottom-width: 3px !important;border-left-width: 3px !important;border-left-color: #353550 !important;border-left-style: solid !important;border-right-color: #353550 !important;border-right-style: solid !important;border-top-color: #353550 !important;border-top-style: solid !important;border-bottom-color: #353550 !important;border-bottom-style: solid !important;}\u00bb][vc_column_text] La escuela de idiomas Siurot-Cambridge ofrece una formaci\u00f3n personalizada para la obtenci\u00f3n de certificados oficiales emitidos por [&hellip;]<\/p>\n","protected":false},"author":1,"featured_media":16,"parent":0,"menu_order":0,"comment_status":"closed","ping_status":"closed","template":"page-pagebuilder-title.php","meta":{"footnotes":""},"yoast_head":"<!-- This site is optimized with the Yoast SEO plugin v21.7 - https:\/\/yoast.com\/wordpress\/plugins\/seo\/ -->\n<title>Idiomas Siurot - Colegio Manuel Siurot de M\u00e1laga<\/title>\n<meta name=\"robots\" content=\"index, follow, max-snippet:-1, max-image-preview:large, max-video-preview:-1\" \/>\n<link rel=\"canonical\" href=\"http:\/\/siurotbk.dev.theroomsocial.com\/?page_id=222\" \/>\n<meta property=\"og:locale\" content=\"es_ES\" \/>\n<meta property=\"og:type\" content=\"article\" \/>\n<meta property=\"og:title\" content=\"Idiomas Siurot - Colegio Manuel Siurot de M\u00e1laga\" \/>\n<meta property=\"og:description\" content=\"[vc_row full_width=\u00bbstretch_row\u00bb css=\u00bb.vc_custom_1566128103584{background-position: 0 0 !important;background-repeat: no-repeat !important;}\u00bb][vc_column width=\u00bb2\/3&#8243;][vc_single_image image=\u00bb223&#8243; img_size=\u00bbfull\u00bb alignment=\u00bbcenter\u00bb css_animation=\u00bbfadeInUp\u00bb css=\u00bb.vc_custom_1566144334921{border-top-width: 3px !important;border-right-width: 3px !important;border-bottom-width: 3px !important;border-left-width: 3px !important;border-left-color: #353550 !important;border-left-style: solid !important;border-right-color: #353550 !important;border-right-style: solid !important;border-top-color: #353550 !important;border-top-style: solid !important;border-bottom-color: #353550 !important;border-bottom-style: solid !important;}\u00bb][vc_column_text] La escuela de idiomas Siurot-Cambridge ofrece una formaci\u00f3n personalizada para la obtenci\u00f3n de certificados oficiales emitidos por [&hellip;]\" \/>\n<meta property=\"og:url\" content=\"http:\/\/siurotbk.dev.theroomsocial.com\/?page_id=222\" \/>\n<meta property=\"og:site_name\" content=\"Colegio Manuel Siurot de M\u00e1laga\" \/>\n<meta property=\"article:publisher\" content=\"https:\/\/www.facebook.com\/colegiomanuelsiurot\/\" \/>\n<meta property=\"article:modified_time\" content=\"2022-07-22T16:19:34+00:00\" \/>\n<meta property=\"og:image\" content=\"http:\/\/siurotbk.dev.theroomsocial.com\/wp-content\/uploads\/2019\/07\/favicon.png\" \/>\n\t<meta property=\"og:image:width\" content=\"512\" \/>\n\t<meta property=\"og:image:height\" content=\"512\" \/>\n\t<meta property=\"og:image:type\" content=\"image\/png\" \/>\n<meta name=\"twitter:card\" content=\"summary_large_image\" \/>\n<meta name=\"twitter:site\" content=\"@colegiomsiurot\" \/>\n<meta name=\"twitter:label1\" content=\"Tiempo de lectura\" \/>\n\t<meta name=\"twitter:data1\" content=\"5 minutos\" \/>\n<script type=\"application\/ld+json\" class=\"yoast-schema-graph\">{\"@context\":\"https:\/\/schema.org\",\"@graph\":[{\"@type\":\"WebPage\",\"@id\":\"http:\/\/siurotbk.dev.theroomsocial.com\/?page_id=222\",\"url\":\"http:\/\/siurotbk.dev.theroomsocial.com\/?page_id=222\",\"name\":\"Idiomas Siurot - Colegio Manuel Siurot de M\u00e1laga\",\"isPartOf\":{\"@id\":\"https:\/\/siurotbk.dev.theroomsocial.com\/#website\"},\"datePublished\":\"2019-08-08T09:42:57+00:00\",\"dateModified\":\"2022-07-22T16:19:34+00:00\",\"breadcrumb\":{\"@id\":\"http:\/\/siurotbk.dev.theroomsocial.com\/?page_id=222#breadcrumb\"},\"inLanguage\":\"es\",\"potentialAction\":[{\"@type\":\"ReadAction\",\"target\":[\"http:\/\/siurotbk.dev.theroomsocial.com\/?page_id=222\"]}]},{\"@type\":\"BreadcrumbList\",\"@id\":\"http:\/\/siurotbk.dev.theroomsocial.com\/?page_id=222#breadcrumb\",\"itemListElement\":[{\"@type\":\"ListItem\",\"position\":1,\"name\":\"Portada\",\"item\":\"https:\/\/siurotbk.dev.theroomsocial.com\/\"},{\"@type\":\"ListItem\",\"position\":2,\"name\":\"Idiomas Siurot\"}]},{\"@type\":\"WebSite\",\"@id\":\"https:\/\/siurotbk.dev.theroomsocial.com\/#website\",\"url\":\"https:\/\/siurotbk.dev.theroomsocial.com\/\",\"name\":\"Colegio Manuel Siurot de M\u00e1laga\",\"description\":\"Colegio concertado biling\u00fce\",\"potentialAction\":[{\"@type\":\"SearchAction\",\"target\":{\"@type\":\"EntryPoint\",\"urlTemplate\":\"https:\/\/siurotbk.dev.theroomsocial.com\/?s={search_term_string}\"},\"query-input\":\"required name=search_term_string\"}],\"inLanguage\":\"es\"}]}<\/script>\n<!-- \/ Yoast SEO plugin. -->","yoast_head_json":{"title":"Idiomas Siurot - Colegio Manuel Siurot de M\u00e1laga","robots":{"index":"index","follow":"follow","max-snippet":"max-snippet:-1","max-image-preview":"max-image-preview:large","max-video-preview":"max-video-preview:-1"},"canonical":"http:\/\/siurotbk.dev.theroomsocial.com\/?page_id=222","og_locale":"es_ES","og_type":"article","og_title":"Idiomas Siurot - Colegio Manuel Siurot de M\u00e1laga","og_description":"[vc_row full_width=\u00bbstretch_row\u00bb css=\u00bb.vc_custom_1566128103584{background-position: 0 0 !important;background-repeat: no-repeat !important;}\u00bb][vc_column width=\u00bb2\/3&#8243;][vc_single_image image=\u00bb223&#8243; img_size=\u00bbfull\u00bb alignment=\u00bbcenter\u00bb css_animation=\u00bbfadeInUp\u00bb css=\u00bb.vc_custom_1566144334921{border-top-width: 3px !important;border-right-width: 3px !important;border-bottom-width: 3px !important;border-left-width: 3px !important;border-left-color: #353550 !important;border-left-style: solid !important;border-right-color: #353550 !important;border-right-style: solid !important;border-top-color: #353550 !important;border-top-style: solid !important;border-bottom-color: #353550 !important;border-bottom-style: solid !important;}\u00bb][vc_column_text] La escuela de idiomas Siurot-Cambridge ofrece una formaci\u00f3n personalizada para la obtenci\u00f3n de certificados oficiales emitidos por [&hellip;]","og_url":"http:\/\/siurotbk.dev.theroomsocial.com\/?page_id=222","og_site_name":"Colegio Manuel Siurot de M\u00e1laga","article_publisher":"https:\/\/www.facebook.com\/colegiomanuelsiurot\/","article_modified_time":"2022-07-22T16:19:34+00:00","og_image":[{"width":512,"height":512,"url":"http:\/\/siurotbk.dev.theroomsocial.com\/wp-content\/uploads\/2019\/07\/favicon.png","type":"image\/png"}],"twitter_card":"summary_large_image","twitter_site":"@colegiomsiurot","twitter_misc":{"Tiempo de lectura":"5 minutos"},"schema":{"@context":"https:\/\/schema.org","@graph":[{"@type":"WebPage","@id":"http:\/\/siurotbk.dev.theroomsocial.com\/?page_id=222","url":"http:\/\/siurotbk.dev.theroomsocial.com\/?page_id=222","name":"Idiomas Siurot - Colegio Manuel Siurot de M\u00e1laga","isPartOf":{"@id":"https:\/\/siurotbk.dev.theroomsocial.com\/#website"},"datePublished":"2019-08-08T09:42:57+00:00","dateModified":"2022-07-22T16:19:34+00:00","breadcrumb":{"@id":"http:\/\/siurotbk.dev.theroomsocial.com\/?page_id=222#breadcrumb"},"inLanguage":"es","potentialAction":[{"@type":"ReadAction","target":["http:\/\/siurotbk.dev.theroomsocial.com\/?page_id=222"]}]},{"@type":"BreadcrumbList","@id":"http:\/\/siurotbk.dev.theroomsocial.com\/?page_id=222#breadcrumb","itemListElement":[{"@type":"ListItem","position":1,"name":"Portada","item":"https:\/\/siurotbk.dev.theroomsocial.com\/"},{"@type":"ListItem","position":2,"name":"Idiomas Siurot"}]},{"@type":"WebSite","@id":"https:\/\/siurotbk.dev.theroomsocial.com\/#website","url":"https:\/\/siurotbk.dev.theroomsocial.com\/","name":"Colegio Manuel Siurot de M\u00e1laga","description":"Colegio concertado biling\u00fce","potentialAction":[{"@type":"SearchAction","target":{"@type":"EntryPoint","urlTemplate":"https:\/\/siurotbk.dev.theroomsocial.com\/?s={search_term_string}"},"query-input":"required name=search_term_string"}],"inLanguage":"es"}]}},"_links":{"self":[{"href":"http:\/\/siurotbk.dev.theroomsocial.com\/index.php?rest_route=\/wp\/v2\/pages\/222"}],"collection":[{"href":"http:\/\/siurotbk.dev.theroomsocial.com\/index.php?rest_route=\/wp\/v2\/pages"}],"about":[{"href":"http:\/\/siurotbk.dev.theroomsocial.com\/index.php?rest_route=\/wp\/v2\/types\/page"}],"author":[{"embeddable":true,"href":"http:\/\/siurotbk.dev.theroomsocial.com\/index.php?rest_route=\/wp\/v2\/users\/1"}],"replies":[{"embeddable":true,"href":"http:\/\/siurotbk.dev.theroomsocial.com\/index.php?rest_route=%2Fwp%2Fv2%2Fcomments&post=222"}],"version-history":[{"count":4,"href":"http:\/\/siurotbk.dev.theroomsocial.com\/index.php?rest_route=\/wp\/v2\/pages\/222\/revisions"}],"predecessor-version":[{"id":5692,"href":"http:\/\/siurotbk.dev.theroomsocial.com\/index.php?rest_route=\/wp\/v2\/pages\/222\/revisions\/5692"}],"wp:featuredmedia":[{"embeddable":true,"href":"http:\/\/siurotbk.dev.theroomsocial.com\/index.php?rest_route=\/wp\/v2\/media\/16"}],"wp:attachment":[{"href":"http:\/\/siurotbk.dev.theroomsocial.com\/index.php?rest_route=%2Fwp%2Fv2%2Fmedia&parent=222"}],"curies":[{"name":"wp","href":"https:\/\/api.w.org\/{rel}","templated":true}]}}