{"id":195,"date":"2019-08-07T13:45:13","date_gmt":"2019-08-07T13:45:13","guid":{"rendered":"http:\/\/siurotbk.dev.theroomsocial.com?page_id=195"},"modified":"2019-08-18T17:40:35","modified_gmt":"2019-08-18T15:40:35","slug":"centro-concertado-bilingue","status":"publish","type":"page","link":"http:\/\/siurotbk.dev.theroomsocial.com\/?page_id=195","title":{"rendered":"Centro Concertado Biling\u00fce"},"content":{"rendered":"<p>[vc_row full_width=\u00bbstretch_row\u00bb css=\u00bb.vc_custom_1566128103584{background-position: 0 0 !important;background-repeat: no-repeat !important;}\u00bb][vc_column width=\u00bb2\/3&#8243;][vc_single_image image=\u00bb197&#8243; img_size=\u00bbfull\u00bb alignment=\u00bbcenter\u00bb css_animation=\u00bbfadeInUp\u00bb css=\u00bb.vc_custom_1566142830187{border-top-width: 3px !important;border-right-width: 3px !important;border-bottom-width: 3px !important;border-left-width: 3px !important;border-left-color: #353550 !important;border-left-style: solid !important;border-right-color: #353550 !important;border-right-style: solid !important;border-top-color: #353550 !important;border-top-style: solid !important;border-bottom-color: #353550 !important;border-bottom-style: solid !important;}\u00bb][vc_column_text]<\/p>\n<p style=\"text-align: justify;\">En la actualidad nuestro Centro ya imparte ense\u00f1anzas biling\u00fces en los niveles de Educaci\u00f3n Infantil [2\u00ba ciclo] y Educaci\u00f3n Primaria.<\/p>\n<div class=\"itemFullText\">\n<p style=\"text-align: justify;\">Aunque el Plan de Fomento del Pluriling\u00fcismo contempla la implantaci\u00f3n simult\u00e1nea tanto en\u00a0Educaci\u00f3n Infantil y Primaria como en Secundaria, es innegable que en los niveles inferiores es donde tiene\u00a0una mayor potencialidad. Son muchos los autores que han estudiado la precocidad a la hora de aprender\u00a0lenguas extranjeras. Claude Hag\u00e8ge sostiene que los once a\u00f1os son cr\u00edticos para el umbral de la fon\u00e9tica, es\u00a0decir, despu\u00e9s de esta edad es menos f\u00e1cil percibir y reproducir sonidos desconocidos en la lengua materna.<\/p>\n<p style=\"text-align: justify;\">En esta edad temprana deben desarrollarse m\u00e1s las destrezas de comprensi\u00f3n oral antes que las de\u00a0producci\u00f3n ya sea \u00e9sta oral o escrita (igual que en la adquisici\u00f3n de una lengua materna). Por ello, el apoyo\u00a0visual debe ser mucho mayor (por ejemplo usando m\u00e1s im\u00e1genes, carteler\u00eda y lenguaje corporal). El\u00a0componente l\u00fadico es muy importante y por ello se trabajar\u00e1n juegos y canciones para hacer una inmersi\u00f3n\u00a0gradual y placentera. En cursos posteriores se debe ir incorporando el c\u00f3digo escrito (aqu\u00ed s\u00ed hay una gran\u00a0diferencia con el aprendizaje de una lengua materna pues no es necesario esperar a un gran dominio previo\u00a0del c\u00f3digo oral).<\/p>\n<p style=\"text-align: justify;\">La ense\u00f1anza de las palabras m\u00e1s frecuentes del entorno (antes que las frases) y la repetici\u00f3n son\u00a0pautas metodol\u00f3gicas de suma importancia en el 2\u00ba ciclo de Educaci\u00f3n Infantil as\u00ed como en el 1\u00ba Ciclo de\u00a0Educaci\u00f3n Primaria. Estas primeras palabras siempre ser\u00e1n las que designan objetos de su entorno y, por\u00a0tanto, estar\u00e1n estrechamente ligadas al conocimiento del mundo que tiene el alumnado. Sin embargo, no\u00a0podemos olvidar el lenguaje de f\u00f3rmulas y rutinas. Las expresiones habituales son r\u00e1pidamente asimiladas y\u00a0automatizadas como un bloque desde peque\u00f1os. En el 1\u00ba Ciclo de Educaci\u00f3n Primaria no tienen mucho\u00a0sentido las nociones gramaticales.<\/p>\n<p style=\"text-align: justify;\">Debe darse una adecuada coordinaci\u00f3n entre la tutora o tutor del grupo y el docente especialista en\u00a0lengua extranjera, pues ambos interact\u00faan en la clase biling\u00fce. La organizaci\u00f3n de actividades permitir\u00e1\u00a0comprobar c\u00f3mo la L2 es una herramienta al servicio del descubrimiento del mundo.<\/p>\n<\/div>\n<p>[\/vc_column_text][\/vc_column][vc_column width=\u00bb1\/3&#8243;][vc_widget_sidebar sidebar_id=\u00bbtd-default\u00bb][\/vc_column][\/vc_row]<\/p>\n","protected":false},"excerpt":{"rendered":"<p>[vc_row full_width=\u00bbstretch_row\u00bb css=\u00bb.vc_custom_1566128103584{background-position: 0 0 !important;background-repeat: no-repeat !important;}\u00bb][vc_column width=\u00bb2\/3&#8243;][vc_single_image image=\u00bb197&#8243; img_size=\u00bbfull\u00bb alignment=\u00bbcenter\u00bb css_animation=\u00bbfadeInUp\u00bb css=\u00bb.vc_custom_1566142830187{border-top-width: 3px !important;border-right-width: 3px !important;border-bottom-width: 3px !important;border-left-width: 3px !important;border-left-color: #353550 !important;border-left-style: solid !important;border-right-color: #353550 !important;border-right-style: solid !important;border-top-color: #353550 !important;border-top-style: solid !important;border-bottom-color: #353550 !important;border-bottom-style: solid !important;}\u00bb][vc_column_text] En la actualidad nuestro Centro ya imparte ense\u00f1anzas biling\u00fces en los niveles de Educaci\u00f3n Infantil [2\u00ba ciclo] [&hellip;]<\/p>\n","protected":false},"author":1,"featured_media":16,"parent":0,"menu_order":0,"comment_status":"closed","ping_status":"closed","template":"page-pagebuilder-title.php","meta":{"footnotes":""},"yoast_head":"<!-- This site is optimized with the Yoast SEO plugin v21.7 - https:\/\/yoast.com\/wordpress\/plugins\/seo\/ -->\n<title>Centro Concertado Biling\u00fce - Colegio Manuel Siurot de M\u00e1laga<\/title>\n<meta name=\"robots\" content=\"index, follow, max-snippet:-1, max-image-preview:large, max-video-preview:-1\" \/>\n<link rel=\"canonical\" href=\"http:\/\/siurotbk.dev.theroomsocial.com\/?page_id=195\" \/>\n<meta property=\"og:locale\" content=\"es_ES\" \/>\n<meta property=\"og:type\" content=\"article\" \/>\n<meta property=\"og:title\" content=\"Centro Concertado Biling\u00fce - Colegio Manuel Siurot de M\u00e1laga\" \/>\n<meta property=\"og:description\" content=\"[vc_row full_width=\u00bbstretch_row\u00bb css=\u00bb.vc_custom_1566128103584{background-position: 0 0 !important;background-repeat: no-repeat !important;}\u00bb][vc_column width=\u00bb2\/3&#8243;][vc_single_image image=\u00bb197&#8243; img_size=\u00bbfull\u00bb alignment=\u00bbcenter\u00bb css_animation=\u00bbfadeInUp\u00bb css=\u00bb.vc_custom_1566142830187{border-top-width: 3px !important;border-right-width: 3px !important;border-bottom-width: 3px !important;border-left-width: 3px !important;border-left-color: #353550 !important;border-left-style: solid !important;border-right-color: #353550 !important;border-right-style: solid !important;border-top-color: #353550 !important;border-top-style: solid !important;border-bottom-color: #353550 !important;border-bottom-style: solid !important;}\u00bb][vc_column_text] En la actualidad nuestro Centro ya imparte ense\u00f1anzas biling\u00fces en los niveles de Educaci\u00f3n Infantil [2\u00ba ciclo] [&hellip;]\" \/>\n<meta property=\"og:url\" content=\"http:\/\/siurotbk.dev.theroomsocial.com\/?page_id=195\" \/>\n<meta property=\"og:site_name\" content=\"Colegio Manuel Siurot de M\u00e1laga\" \/>\n<meta property=\"article:publisher\" content=\"https:\/\/www.facebook.com\/colegiomanuelsiurot\/\" \/>\n<meta property=\"article:modified_time\" content=\"2019-08-18T15:40:35+00:00\" \/>\n<meta property=\"og:image\" content=\"http:\/\/siurotbk.dev.theroomsocial.com\/wp-content\/uploads\/2019\/07\/favicon.png\" \/>\n\t<meta property=\"og:image:width\" content=\"512\" \/>\n\t<meta property=\"og:image:height\" content=\"512\" \/>\n\t<meta property=\"og:image:type\" content=\"image\/png\" \/>\n<meta name=\"twitter:card\" content=\"summary_large_image\" \/>\n<meta name=\"twitter:site\" content=\"@colegiomsiurot\" \/>\n<meta name=\"twitter:label1\" content=\"Tiempo de lectura\" \/>\n\t<meta name=\"twitter:data1\" content=\"2 minutos\" \/>\n<script type=\"application\/ld+json\" class=\"yoast-schema-graph\">{\"@context\":\"https:\/\/schema.org\",\"@graph\":[{\"@type\":\"WebPage\",\"@id\":\"http:\/\/siurotbk.dev.theroomsocial.com\/?page_id=195\",\"url\":\"http:\/\/siurotbk.dev.theroomsocial.com\/?page_id=195\",\"name\":\"Centro Concertado Biling\u00fce - Colegio Manuel Siurot de M\u00e1laga\",\"isPartOf\":{\"@id\":\"https:\/\/siurotbk.dev.theroomsocial.com\/#website\"},\"datePublished\":\"2019-08-07T13:45:13+00:00\",\"dateModified\":\"2019-08-18T15:40:35+00:00\",\"breadcrumb\":{\"@id\":\"http:\/\/siurotbk.dev.theroomsocial.com\/?page_id=195#breadcrumb\"},\"inLanguage\":\"es\",\"potentialAction\":[{\"@type\":\"ReadAction\",\"target\":[\"http:\/\/siurotbk.dev.theroomsocial.com\/?page_id=195\"]}]},{\"@type\":\"BreadcrumbList\",\"@id\":\"http:\/\/siurotbk.dev.theroomsocial.com\/?page_id=195#breadcrumb\",\"itemListElement\":[{\"@type\":\"ListItem\",\"position\":1,\"name\":\"Portada\",\"item\":\"https:\/\/siurotbk.dev.theroomsocial.com\/\"},{\"@type\":\"ListItem\",\"position\":2,\"name\":\"Centro Concertado Biling\u00fce\"}]},{\"@type\":\"WebSite\",\"@id\":\"https:\/\/siurotbk.dev.theroomsocial.com\/#website\",\"url\":\"https:\/\/siurotbk.dev.theroomsocial.com\/\",\"name\":\"Colegio Manuel Siurot de M\u00e1laga\",\"description\":\"Colegio concertado biling\u00fce\",\"potentialAction\":[{\"@type\":\"SearchAction\",\"target\":{\"@type\":\"EntryPoint\",\"urlTemplate\":\"https:\/\/siurotbk.dev.theroomsocial.com\/?s={search_term_string}\"},\"query-input\":\"required name=search_term_string\"}],\"inLanguage\":\"es\"}]}<\/script>\n<!-- \/ Yoast SEO plugin. -->","yoast_head_json":{"title":"Centro Concertado Biling\u00fce - Colegio Manuel Siurot de M\u00e1laga","robots":{"index":"index","follow":"follow","max-snippet":"max-snippet:-1","max-image-preview":"max-image-preview:large","max-video-preview":"max-video-preview:-1"},"canonical":"http:\/\/siurotbk.dev.theroomsocial.com\/?page_id=195","og_locale":"es_ES","og_type":"article","og_title":"Centro Concertado Biling\u00fce - Colegio Manuel Siurot de M\u00e1laga","og_description":"[vc_row full_width=\u00bbstretch_row\u00bb css=\u00bb.vc_custom_1566128103584{background-position: 0 0 !important;background-repeat: no-repeat !important;}\u00bb][vc_column width=\u00bb2\/3&#8243;][vc_single_image image=\u00bb197&#8243; img_size=\u00bbfull\u00bb alignment=\u00bbcenter\u00bb css_animation=\u00bbfadeInUp\u00bb css=\u00bb.vc_custom_1566142830187{border-top-width: 3px !important;border-right-width: 3px !important;border-bottom-width: 3px !important;border-left-width: 3px !important;border-left-color: #353550 !important;border-left-style: solid !important;border-right-color: #353550 !important;border-right-style: solid !important;border-top-color: #353550 !important;border-top-style: solid !important;border-bottom-color: #353550 !important;border-bottom-style: solid !important;}\u00bb][vc_column_text] En la actualidad nuestro Centro ya imparte ense\u00f1anzas biling\u00fces en los niveles de Educaci\u00f3n Infantil [2\u00ba ciclo] [&hellip;]","og_url":"http:\/\/siurotbk.dev.theroomsocial.com\/?page_id=195","og_site_name":"Colegio Manuel Siurot de M\u00e1laga","article_publisher":"https:\/\/www.facebook.com\/colegiomanuelsiurot\/","article_modified_time":"2019-08-18T15:40:35+00:00","og_image":[{"width":512,"height":512,"url":"http:\/\/siurotbk.dev.theroomsocial.com\/wp-content\/uploads\/2019\/07\/favicon.png","type":"image\/png"}],"twitter_card":"summary_large_image","twitter_site":"@colegiomsiurot","twitter_misc":{"Tiempo de lectura":"2 minutos"},"schema":{"@context":"https:\/\/schema.org","@graph":[{"@type":"WebPage","@id":"http:\/\/siurotbk.dev.theroomsocial.com\/?page_id=195","url":"http:\/\/siurotbk.dev.theroomsocial.com\/?page_id=195","name":"Centro Concertado Biling\u00fce - Colegio Manuel Siurot de M\u00e1laga","isPartOf":{"@id":"https:\/\/siurotbk.dev.theroomsocial.com\/#website"},"datePublished":"2019-08-07T13:45:13+00:00","dateModified":"2019-08-18T15:40:35+00:00","breadcrumb":{"@id":"http:\/\/siurotbk.dev.theroomsocial.com\/?page_id=195#breadcrumb"},"inLanguage":"es","potentialAction":[{"@type":"ReadAction","target":["http:\/\/siurotbk.dev.theroomsocial.com\/?page_id=195"]}]},{"@type":"BreadcrumbList","@id":"http:\/\/siurotbk.dev.theroomsocial.com\/?page_id=195#breadcrumb","itemListElement":[{"@type":"ListItem","position":1,"name":"Portada","item":"https:\/\/siurotbk.dev.theroomsocial.com\/"},{"@type":"ListItem","position":2,"name":"Centro Concertado Biling\u00fce"}]},{"@type":"WebSite","@id":"https:\/\/siurotbk.dev.theroomsocial.com\/#website","url":"https:\/\/siurotbk.dev.theroomsocial.com\/","name":"Colegio Manuel Siurot de M\u00e1laga","description":"Colegio concertado biling\u00fce","potentialAction":[{"@type":"SearchAction","target":{"@type":"EntryPoint","urlTemplate":"https:\/\/siurotbk.dev.theroomsocial.com\/?s={search_term_string}"},"query-input":"required name=search_term_string"}],"inLanguage":"es"}]}},"_links":{"self":[{"href":"http:\/\/siurotbk.dev.theroomsocial.com\/index.php?rest_route=\/wp\/v2\/pages\/195"}],"collection":[{"href":"http:\/\/siurotbk.dev.theroomsocial.com\/index.php?rest_route=\/wp\/v2\/pages"}],"about":[{"href":"http:\/\/siurotbk.dev.theroomsocial.com\/index.php?rest_route=\/wp\/v2\/types\/page"}],"author":[{"embeddable":true,"href":"http:\/\/siurotbk.dev.theroomsocial.com\/index.php?rest_route=\/wp\/v2\/users\/1"}],"replies":[{"embeddable":true,"href":"http:\/\/siurotbk.dev.theroomsocial.com\/index.php?rest_route=%2Fwp%2Fv2%2Fcomments&post=195"}],"version-history":[{"count":3,"href":"http:\/\/siurotbk.dev.theroomsocial.com\/index.php?rest_route=\/wp\/v2\/pages\/195\/revisions"}],"predecessor-version":[{"id":1067,"href":"http:\/\/siurotbk.dev.theroomsocial.com\/index.php?rest_route=\/wp\/v2\/pages\/195\/revisions\/1067"}],"wp:featuredmedia":[{"embeddable":true,"href":"http:\/\/siurotbk.dev.theroomsocial.com\/index.php?rest_route=\/wp\/v2\/media\/16"}],"wp:attachment":[{"href":"http:\/\/siurotbk.dev.theroomsocial.com\/index.php?rest_route=%2Fwp%2Fv2%2Fmedia&parent=195"}],"curies":[{"name":"wp","href":"https:\/\/api.w.org\/{rel}","templated":true}]}}