{"id":190,"date":"2019-08-07T13:36:56","date_gmt":"2019-08-07T13:36:56","guid":{"rendered":"http:\/\/siurotbk.dev.theroomsocial.com?page_id=190"},"modified":"2019-08-18T17:39:16","modified_gmt":"2019-08-18T15:39:16","slug":"etapas-niveles","status":"publish","type":"page","link":"http:\/\/siurotbk.dev.theroomsocial.com\/?page_id=190","title":{"rendered":"Etapas | Niveles"},"content":{"rendered":"<p>[vc_row full_width=\u00bbstretch_row\u00bb css=\u00bb.vc_custom_1566128103584{background-position: 0 0 !important;background-repeat: no-repeat !important;}\u00bb][vc_column width=\u00bb2\/3&#8243;][vc_single_image image=\u00bb191&#8243; img_size=\u00bbfull\u00bb alignment=\u00bbcenter\u00bb css_animation=\u00bbfadeInUp\u00bb css=\u00bb.vc_custom_1566142745420{border-top-width: 3px !important;border-right-width: 3px !important;border-bottom-width: 3px !important;border-left-width: 3px !important;border-left-color: #353550 !important;border-left-style: solid !important;border-right-color: #353550 !important;border-right-style: solid !important;border-top-color: #353550 !important;border-top-style: solid !important;border-bottom-color: #353550 !important;border-bottom-style: solid !important;}\u00bb][vc_column_text]<\/p>\n<div class=\"itemIntroText\">\n<p style=\"text-align: justify;\">La oferta educativa de la Cooperativa de Ense\u00f1anza Manuel Siurot abarca los niveles de Educaci\u00f3n Infantil [2\u00ba ciclo], Primaria y Secundaria Obligatoria.<\/p>\n<\/div>\n<div class=\"itemFullText\">\n<p style=\"text-align: justify;\">Tanto la Ley Org\u00e1nica 2\/2006, de 3 de mayo, de Educaci\u00f3n (LOE), como la Ley 17\/2007, de 10 de diciembre, de Educaci\u00f3n de Andaluc\u00eda (LEA) proponen para desarrollar a lo largo de los pr\u00f3ximos a\u00f1os los siguientes objetivos: mejorar la capacitaci\u00f3n docente, desarrollar aptitudes para la sociedad del conocimiento, garantizar el acceso de todos a las tecnolog\u00edas de la informaci\u00f3n y la comunicaci\u00f3n, construir un entorno de aprendizaje abierto, hacer el aprendizaje atractivo, promocionar la ciudadan\u00eda activa, la igualdad de oportunidades y la cohesi\u00f3n social y mejorar el aprendizaje de idiomas extranjeros.<\/p>\n<p style=\"text-align: justify;\">Teniendo en cuenta todo lo anterior, el Colegio Manuel Siurot adopta los siguientes objetivos para la mejora del rendimiento escolar:<\/p>\n<p style=\"text-align: justify;\">a) Conseguir el \u00e9xito escolar de todos nuestros alumnos y alumnas.<\/p>\n<p style=\"text-align: justify;\">b) Fomentar un clima escolar que favorezca el esfuerzo y el trabajo, as\u00ed como el desarrollo de actuaciones que propicien una formaci\u00f3n integral en conocimientos y valores de los alumnos y alumnas, con el fin de contribuir a la formaci\u00f3n de ciudadanos libres, cr\u00edticos y democr\u00e1ticos.<\/p>\n<p style=\"text-align: justify;\">c) Potenciar la participaci\u00f3n y colaboraci\u00f3n de los distintos sectores de la comunidad educativa en la vida del centro para conseguir una formaci\u00f3n b\u00e1sica, solidaria y que contribuya a la efectiva igualdad entre hombres y mujeres.<\/p>\n<p style=\"text-align: justify;\">d) Propiciar y avanzar en la reflexi\u00f3n y debate sobre el \u00e1rea cient\u00edfico-matem\u00e1tica con la intenci\u00f3n de elaborar un programa coordinado entre los distintos niveles.<\/p>\n<p style=\"text-align: justify;\">e) Completar la formaci\u00f3n integral del alumnado a trav\u00e9s de la iniciaci\u00f3n, conocimiento y uso de las TIC.<\/p>\n<p style=\"text-align: justify;\">f) Lograr una buena formaci\u00f3n en lengua extranjera.<\/p>\n<p style=\"text-align: justify;\">g) Concienciar a toda la comunidad educativa de la filosof\u00eda integradora e inclusiva que debe tener nuestro centro, favoreciendo as\u00ed la integraci\u00f3n de todos aquellos alumnos que lleguen al colegio, sea cual sea su procedencia, nacionalidad o nivel social.<\/p>\n<p style=\"text-align: justify;\">h) Favorecer los cauces de comunicaci\u00f3n entre todos los miembros de la comunidad, para conseguir unas relaciones fluidas y cordiales.<\/p>\n<p style=\"text-align: justify;\">i) Impulsar la colaboraci\u00f3n con las distintas instituciones, organismos y empresas del municipio para favorecer la cohesi\u00f3n y la integraci\u00f3n del centro en su entorno.<\/p>\n<p style=\"text-align: justify;\">j) Fomentar el h\u00e1bito de la lectura y el uso de la biblioteca escolar y de la biblioteca de aula.<\/p>\n<p style=\"text-align: justify;\">k) Potenciar el conocimiento de las tradiciones y la cultura andaluza.<\/p>\n<p style=\"text-align: justify;\">En definitiva, nos ponemos como meta el proporcionar a todos nuestros alumnos y alumnas una educaci\u00f3n de calidad as\u00ed como mejorar su nivel educativo.<\/p>\n<p style=\"text-align: justify;\">Nuestra oferta educativa abarca las siguientes etapas:<\/p>\n<h2 style=\"text-align: justify;\">Educaci\u00f3n Infantil<\/h2>\n<p style=\"text-align: justify;\">Esta etapa comprende las edades entre los 3 y los 5 a\u00f1os, donde contribuiremos a que los ni\u00f1os y ni\u00f1as empiecen a consolidar h\u00e1bitos que les ayuden a descubrir, conocer y controlar progresivamente su propio cuerpo, form\u00e1ndose una imagen positiva de su entorno.<\/p>\n<p style=\"text-align: justify;\">Desarrollaremos sus capacidades de autonom\u00eda, seguridad afectiva y emocional para fomentar la iniciativa y confianza en s\u00ed mismo.<\/p>\n<p style=\"text-align: justify;\">Una de las premisas de nuestros docentes ser\u00e1 establecer relaciones sociales y v\u00ednculos de relaci\u00f3n con adultos y sus iguales para facilitar su integraci\u00f3n social, respetando la diversidad y desarrollando actitudes de ayuda y colaboraci\u00f3n.<\/p>\n<p style=\"text-align: justify;\">Con la aportaci\u00f3n de las nuevas tecnolog\u00edas en esta etapa el alumnado observar\u00e1 y explorar\u00e1 el entorno m\u00e1s inmediato, mediante el juego y otras formas de representaci\u00f3n interactiva.<\/p>\n<p style=\"text-align: justify;\">Desde infantil se iniciar\u00e1 en el centro un acercamiento a las nuevas t\u00e9cnicas educativas, presentando los temas en pantalla digital interactiva. Los alumnos se acercan a la era digital d\u00eda a d\u00eda, preparando de una manera amena su acceso a primaria.<\/p>\n<h2 style=\"text-align: justify;\">Educaci\u00f3n Primaria<\/h2>\n<p style=\"text-align: justify;\">Durante esta etapa trabajamos para proporcionar a los alumnos unas herramientas de trabajo fundamentales para el aprendizaje: la expresi\u00f3n oral, la lectura, la escritura, el c\u00e1lculo as\u00ed como la adquisici\u00f3n de unos h\u00e1bitos que doten al ni\u00f1o de autonom\u00eda.<\/p>\n<p style=\"text-align: justify;\">Los objetivos durante esta etapa son: que el alumno sea capaz de comprender y producir mensajes orales y escritos en castellano y en ingl\u00e9s.<\/p>\n<p style=\"text-align: justify;\">Desarrollar su comunicaci\u00f3n verbal y corporal aport\u00e1ndole sensibilidad est\u00e9tica y creatividad.<\/p>\n<p style=\"text-align: justify;\">Fomentar la autonom\u00eda en sus actividades diarias individuales y grupales, siguiendo unas normas para un objetivo com\u00fan.<\/p>\n<p style=\"text-align: justify;\">Educar en solidaridad, rechazando cualquier forma de discriminaci\u00f3n.<\/p>\n<p style=\"text-align: justify;\">Transmitir la defensa, conservaci\u00f3n y mejora del medio ambiente.<\/p>\n<h2 style=\"text-align: justify;\">Educaci\u00f3n Secundaria Obligatoria<\/h2>\n<p style=\"text-align: justify;\">Esta etapa, tan dif\u00edcil en los \u00faltimos tiempos, tiene en nuestro centro una gran importancia en la consecuci\u00f3n de los valores marcados durante las anteriores etapas. El alumnado alcanzar\u00e1 los m\u00e1ximos niveles de exigencia educativa, buscando en los\u00a0alumnos desarrollar\u00a0y consolidar h\u00e1bitos de estudio y disciplina, como condici\u00f3n necesaria para una realizaci\u00f3n eficaz de las tareas del aprendizaje, y como medio para su desarrollo personal.<\/p>\n<p style=\"text-align: justify;\">Afianzar el sentido del trabajo en equipo y valorar las perspectivas, experiencias y formas de pensar de los dem\u00e1s y concebir el conocimiento cient\u00edfico como un saber integrado, que se estructura en distintas disciplinas, matem\u00e1ticas y cient\u00edficas.<\/p>\n<p style=\"text-align: justify;\">Conocer y aplicar los m\u00e9todos para identificar los problemas en los diversos campos de conocimiento y de la experiencia, para su resoluci\u00f3n y para la toma de decisiones.<\/p>\n<p style=\"text-align: justify;\">Desarrollar la competencia comunicativa para comprender y expresarse en una o m\u00e1s lenguas extranjeras de manera apropiada, a fin de facilitar el acceso a otras culturas.<\/p>\n<\/div>\n<p>[\/vc_column_text][\/vc_column][vc_column width=\u00bb1\/3&#8243;][vc_widget_sidebar sidebar_id=\u00bbtd-default\u00bb][\/vc_column][\/vc_row]<\/p>\n","protected":false},"excerpt":{"rendered":"<p>[vc_row full_width=\u00bbstretch_row\u00bb css=\u00bb.vc_custom_1566128103584{background-position: 0 0 !important;background-repeat: no-repeat !important;}\u00bb][vc_column width=\u00bb2\/3&#8243;][vc_single_image image=\u00bb191&#8243; img_size=\u00bbfull\u00bb alignment=\u00bbcenter\u00bb css_animation=\u00bbfadeInUp\u00bb css=\u00bb.vc_custom_1566142745420{border-top-width: 3px !important;border-right-width: 3px !important;border-bottom-width: 3px !important;border-left-width: 3px !important;border-left-color: #353550 !important;border-left-style: solid !important;border-right-color: #353550 !important;border-right-style: solid !important;border-top-color: #353550 !important;border-top-style: solid !important;border-bottom-color: #353550 !important;border-bottom-style: solid !important;}\u00bb][vc_column_text] La oferta educativa de la Cooperativa de Ense\u00f1anza Manuel Siurot abarca los niveles de Educaci\u00f3n Infantil [2\u00ba [&hellip;]<\/p>\n","protected":false},"author":1,"featured_media":16,"parent":0,"menu_order":0,"comment_status":"closed","ping_status":"closed","template":"page-pagebuilder-title.php","meta":{"footnotes":""},"yoast_head":"<!-- This site is optimized with the Yoast SEO plugin v21.7 - https:\/\/yoast.com\/wordpress\/plugins\/seo\/ -->\n<title>Etapas | Niveles - Colegio Manuel Siurot de M\u00e1laga<\/title>\n<meta name=\"robots\" content=\"index, follow, max-snippet:-1, max-image-preview:large, max-video-preview:-1\" \/>\n<link rel=\"canonical\" href=\"http:\/\/siurotbk.dev.theroomsocial.com\/?page_id=190\" \/>\n<meta property=\"og:locale\" content=\"es_ES\" \/>\n<meta property=\"og:type\" content=\"article\" \/>\n<meta property=\"og:title\" content=\"Etapas | Niveles - Colegio Manuel Siurot de M\u00e1laga\" \/>\n<meta property=\"og:description\" content=\"[vc_row full_width=\u00bbstretch_row\u00bb css=\u00bb.vc_custom_1566128103584{background-position: 0 0 !important;background-repeat: no-repeat !important;}\u00bb][vc_column width=\u00bb2\/3&#8243;][vc_single_image image=\u00bb191&#8243; img_size=\u00bbfull\u00bb alignment=\u00bbcenter\u00bb css_animation=\u00bbfadeInUp\u00bb css=\u00bb.vc_custom_1566142745420{border-top-width: 3px !important;border-right-width: 3px !important;border-bottom-width: 3px !important;border-left-width: 3px !important;border-left-color: #353550 !important;border-left-style: solid !important;border-right-color: #353550 !important;border-right-style: solid !important;border-top-color: #353550 !important;border-top-style: solid !important;border-bottom-color: #353550 !important;border-bottom-style: solid !important;}\u00bb][vc_column_text] La oferta educativa de la Cooperativa de Ense\u00f1anza Manuel Siurot abarca los niveles de Educaci\u00f3n Infantil [2\u00ba [&hellip;]\" \/>\n<meta property=\"og:url\" content=\"http:\/\/siurotbk.dev.theroomsocial.com\/?page_id=190\" \/>\n<meta property=\"og:site_name\" content=\"Colegio Manuel Siurot de M\u00e1laga\" \/>\n<meta property=\"article:publisher\" content=\"https:\/\/www.facebook.com\/colegiomanuelsiurot\/\" \/>\n<meta property=\"article:modified_time\" content=\"2019-08-18T15:39:16+00:00\" \/>\n<meta property=\"og:image\" content=\"http:\/\/siurotbk.dev.theroomsocial.com\/wp-content\/uploads\/2019\/07\/favicon.png\" \/>\n\t<meta property=\"og:image:width\" content=\"512\" \/>\n\t<meta property=\"og:image:height\" content=\"512\" \/>\n\t<meta property=\"og:image:type\" content=\"image\/png\" \/>\n<meta name=\"twitter:card\" content=\"summary_large_image\" \/>\n<meta name=\"twitter:site\" content=\"@colegiomsiurot\" \/>\n<meta name=\"twitter:label1\" content=\"Tiempo de lectura\" \/>\n\t<meta name=\"twitter:data1\" content=\"5 minutos\" \/>\n<script type=\"application\/ld+json\" class=\"yoast-schema-graph\">{\"@context\":\"https:\/\/schema.org\",\"@graph\":[{\"@type\":\"WebPage\",\"@id\":\"http:\/\/siurotbk.dev.theroomsocial.com\/?page_id=190\",\"url\":\"http:\/\/siurotbk.dev.theroomsocial.com\/?page_id=190\",\"name\":\"Etapas | Niveles - Colegio Manuel Siurot de M\u00e1laga\",\"isPartOf\":{\"@id\":\"https:\/\/siurotbk.dev.theroomsocial.com\/#website\"},\"datePublished\":\"2019-08-07T13:36:56+00:00\",\"dateModified\":\"2019-08-18T15:39:16+00:00\",\"breadcrumb\":{\"@id\":\"http:\/\/siurotbk.dev.theroomsocial.com\/?page_id=190#breadcrumb\"},\"inLanguage\":\"es\",\"potentialAction\":[{\"@type\":\"ReadAction\",\"target\":[\"http:\/\/siurotbk.dev.theroomsocial.com\/?page_id=190\"]}]},{\"@type\":\"BreadcrumbList\",\"@id\":\"http:\/\/siurotbk.dev.theroomsocial.com\/?page_id=190#breadcrumb\",\"itemListElement\":[{\"@type\":\"ListItem\",\"position\":1,\"name\":\"Portada\",\"item\":\"https:\/\/siurotbk.dev.theroomsocial.com\/\"},{\"@type\":\"ListItem\",\"position\":2,\"name\":\"Etapas | Niveles\"}]},{\"@type\":\"WebSite\",\"@id\":\"https:\/\/siurotbk.dev.theroomsocial.com\/#website\",\"url\":\"https:\/\/siurotbk.dev.theroomsocial.com\/\",\"name\":\"Colegio Manuel Siurot de M\u00e1laga\",\"description\":\"Colegio concertado biling\u00fce\",\"potentialAction\":[{\"@type\":\"SearchAction\",\"target\":{\"@type\":\"EntryPoint\",\"urlTemplate\":\"https:\/\/siurotbk.dev.theroomsocial.com\/?s={search_term_string}\"},\"query-input\":\"required name=search_term_string\"}],\"inLanguage\":\"es\"}]}<\/script>\n<!-- \/ Yoast SEO plugin. -->","yoast_head_json":{"title":"Etapas | Niveles - Colegio Manuel Siurot de M\u00e1laga","robots":{"index":"index","follow":"follow","max-snippet":"max-snippet:-1","max-image-preview":"max-image-preview:large","max-video-preview":"max-video-preview:-1"},"canonical":"http:\/\/siurotbk.dev.theroomsocial.com\/?page_id=190","og_locale":"es_ES","og_type":"article","og_title":"Etapas | Niveles - Colegio Manuel Siurot de M\u00e1laga","og_description":"[vc_row full_width=\u00bbstretch_row\u00bb css=\u00bb.vc_custom_1566128103584{background-position: 0 0 !important;background-repeat: no-repeat !important;}\u00bb][vc_column width=\u00bb2\/3&#8243;][vc_single_image image=\u00bb191&#8243; img_size=\u00bbfull\u00bb alignment=\u00bbcenter\u00bb css_animation=\u00bbfadeInUp\u00bb css=\u00bb.vc_custom_1566142745420{border-top-width: 3px !important;border-right-width: 3px !important;border-bottom-width: 3px !important;border-left-width: 3px !important;border-left-color: #353550 !important;border-left-style: solid !important;border-right-color: #353550 !important;border-right-style: solid !important;border-top-color: #353550 !important;border-top-style: solid !important;border-bottom-color: #353550 !important;border-bottom-style: solid !important;}\u00bb][vc_column_text] La oferta educativa de la Cooperativa de Ense\u00f1anza Manuel Siurot abarca los niveles de Educaci\u00f3n Infantil [2\u00ba [&hellip;]","og_url":"http:\/\/siurotbk.dev.theroomsocial.com\/?page_id=190","og_site_name":"Colegio Manuel Siurot de M\u00e1laga","article_publisher":"https:\/\/www.facebook.com\/colegiomanuelsiurot\/","article_modified_time":"2019-08-18T15:39:16+00:00","og_image":[{"width":512,"height":512,"url":"http:\/\/siurotbk.dev.theroomsocial.com\/wp-content\/uploads\/2019\/07\/favicon.png","type":"image\/png"}],"twitter_card":"summary_large_image","twitter_site":"@colegiomsiurot","twitter_misc":{"Tiempo de lectura":"5 minutos"},"schema":{"@context":"https:\/\/schema.org","@graph":[{"@type":"WebPage","@id":"http:\/\/siurotbk.dev.theroomsocial.com\/?page_id=190","url":"http:\/\/siurotbk.dev.theroomsocial.com\/?page_id=190","name":"Etapas | Niveles - Colegio Manuel Siurot de M\u00e1laga","isPartOf":{"@id":"https:\/\/siurotbk.dev.theroomsocial.com\/#website"},"datePublished":"2019-08-07T13:36:56+00:00","dateModified":"2019-08-18T15:39:16+00:00","breadcrumb":{"@id":"http:\/\/siurotbk.dev.theroomsocial.com\/?page_id=190#breadcrumb"},"inLanguage":"es","potentialAction":[{"@type":"ReadAction","target":["http:\/\/siurotbk.dev.theroomsocial.com\/?page_id=190"]}]},{"@type":"BreadcrumbList","@id":"http:\/\/siurotbk.dev.theroomsocial.com\/?page_id=190#breadcrumb","itemListElement":[{"@type":"ListItem","position":1,"name":"Portada","item":"https:\/\/siurotbk.dev.theroomsocial.com\/"},{"@type":"ListItem","position":2,"name":"Etapas | Niveles"}]},{"@type":"WebSite","@id":"https:\/\/siurotbk.dev.theroomsocial.com\/#website","url":"https:\/\/siurotbk.dev.theroomsocial.com\/","name":"Colegio Manuel Siurot de M\u00e1laga","description":"Colegio concertado biling\u00fce","potentialAction":[{"@type":"SearchAction","target":{"@type":"EntryPoint","urlTemplate":"https:\/\/siurotbk.dev.theroomsocial.com\/?s={search_term_string}"},"query-input":"required name=search_term_string"}],"inLanguage":"es"}]}},"_links":{"self":[{"href":"http:\/\/siurotbk.dev.theroomsocial.com\/index.php?rest_route=\/wp\/v2\/pages\/190"}],"collection":[{"href":"http:\/\/siurotbk.dev.theroomsocial.com\/index.php?rest_route=\/wp\/v2\/pages"}],"about":[{"href":"http:\/\/siurotbk.dev.theroomsocial.com\/index.php?rest_route=\/wp\/v2\/types\/page"}],"author":[{"embeddable":true,"href":"http:\/\/siurotbk.dev.theroomsocial.com\/index.php?rest_route=\/wp\/v2\/users\/1"}],"replies":[{"embeddable":true,"href":"http:\/\/siurotbk.dev.theroomsocial.com\/index.php?rest_route=%2Fwp%2Fv2%2Fcomments&post=190"}],"version-history":[{"count":3,"href":"http:\/\/siurotbk.dev.theroomsocial.com\/index.php?rest_route=\/wp\/v2\/pages\/190\/revisions"}],"predecessor-version":[{"id":1065,"href":"http:\/\/siurotbk.dev.theroomsocial.com\/index.php?rest_route=\/wp\/v2\/pages\/190\/revisions\/1065"}],"wp:featuredmedia":[{"embeddable":true,"href":"http:\/\/siurotbk.dev.theroomsocial.com\/index.php?rest_route=\/wp\/v2\/media\/16"}],"wp:attachment":[{"href":"http:\/\/siurotbk.dev.theroomsocial.com\/index.php?rest_route=%2Fwp%2Fv2%2Fmedia&parent=190"}],"curies":[{"name":"wp","href":"https:\/\/api.w.org\/{rel}","templated":true}]}}