{"id":183,"date":"2019-08-07T13:22:35","date_gmt":"2019-08-07T13:22:35","guid":{"rendered":"http:\/\/siurotbk.dev.theroomsocial.com?page_id=183"},"modified":"2021-09-14T12:40:18","modified_gmt":"2021-09-14T10:40:18","slug":"horarios","status":"publish","type":"page","link":"http:\/\/siurotbk.dev.theroomsocial.com\/?page_id=183","title":{"rendered":"Horarios"},"content":{"rendered":"<p>[vc_row full_width=\u00bbstretch_row\u00bb css=\u00bb.vc_custom_1566128103584{background-position: 0 0 !important;background-repeat: no-repeat !important;}\u00bb][vc_column width=\u00bb2\/3&#8243;][vc_single_image image=\u00bb184&#8243; img_size=\u00bbfull\u00bb alignment=\u00bbcenter\u00bb css_animation=\u00bbfadeInUp\u00bb css=\u00bb.vc_custom_1566141961941{border-top-width: 3px !important;border-right-width: 3px !important;border-bottom-width: 3px !important;border-left-width: 3px !important;border-left-color: #353550 !important;border-left-style: solid !important;border-right-color: #353550 !important;border-right-style: solid !important;border-top-color: #353550 !important;border-top-style: solid !important;border-bottom-color: #353550 !important;border-bottom-style: solid !important;}\u00bb][vc_column_text]<\/p>\n<div class=\"itemFullText\">\n<p>&nbsp;<\/p>\n<table border=\"1\" cellspacing=\"0\" cellpadding=\"0\" align=\"left\">\n<tbody>\n<tr>\n<td style=\"text-align: center;\" colspan=\"2\" valign=\"top\"><strong>HORARIO EDUCATIVO<br \/>\n<\/strong><\/td>\n<\/tr>\n<tr>\n<td style=\"text-align: center;\" valign=\"top\" width=\"204\">Educaci\u00f3n Infantil<\/td>\n<td style=\"text-align: center;\" valign=\"top\" width=\"228\">9.00h a 14.00h.<\/td>\n<\/tr>\n<tr>\n<td style=\"text-align: center;\" valign=\"top\" width=\"204\">Educaci\u00f3n Primaria<\/td>\n<td style=\"text-align: center;\" valign=\"top\" width=\"228\">9.00h a 14.00h.<\/td>\n<\/tr>\n<tr>\n<td style=\"text-align: center;\" valign=\"top\" width=\"204\">Educaci\u00f3n Secundaria<\/td>\n<td style=\"text-align: center;\" valign=\"top\" width=\"228\">8.00h a 14.30h.<\/td>\n<\/tr>\n<\/tbody>\n<\/table>\n<p>&nbsp;<\/p>\n<table border=\"1\" cellspacing=\"0\" cellpadding=\"0\" align=\"left\">\n<tbody>\n<tr>\n<td style=\"text-align: center;\" colspan=\"2\" valign=\"top\"><strong>AULA MATINAL<br \/>\n<\/strong><\/td>\n<\/tr>\n<tr>\n<td style=\"text-align: center;\" valign=\"top\" width=\"204\">De lunes a viernes<\/td>\n<td style=\"text-align: center;\" valign=\"top\" width=\"228\">\u00a07.30h a 9.00h.<\/td>\n<\/tr>\n<\/tbody>\n<\/table>\n<\/div>\n<p>&nbsp;<\/p>\n<div class=\"itemFullText\">\n<table border=\"1\" cellspacing=\"0\" cellpadding=\"0\" align=\"left\">\n<tbody>\n<tr>\n<td style=\"text-align: center;\" colspan=\"2\" valign=\"top\"><strong>SERVICIO DE COMEDOR<br \/>\n<\/strong><\/td>\n<\/tr>\n<tr>\n<td style=\"text-align: center;\" valign=\"top\" width=\"204\">De lunes a viernes<\/td>\n<td style=\"text-align: center;\" valign=\"top\" width=\"228\">14.00h a 15.45h.<\/td>\n<\/tr>\n<\/tbody>\n<\/table>\n<p>&nbsp;<\/p>\n<table style=\"width: 100%;\" border=\"1\" cellspacing=\"0\" cellpadding=\"0\" align=\"left\">\n<tbody>\n<tr>\n<td style=\"text-align: center; width: 99.6226%;\" colspan=\"2\" valign=\"top\"><strong>HORARIO DE OFICINA<br \/>\n<\/strong><\/td>\n<\/tr>\n<tr>\n<td style=\"text-align: center; width: 47.5472%;\" valign=\"top\">De lunes a viernes<\/td>\n<td style=\"text-align: center; width: 52.0755%;\" valign=\"top\" width=\"228\">9.30h a 11.30h.<\/td>\n<\/tr>\n<\/tbody>\n<\/table>\n<p>&nbsp;<\/p>\n<\/div>\n<div class=\"clr\"><\/div>\n<p>[\/vc_column_text][\/vc_column][vc_column width=\u00bb1\/3&#8243;][vc_widget_sidebar sidebar_id=\u00bbtd-default\u00bb][\/vc_column][\/vc_row]<\/p>\n","protected":false},"excerpt":{"rendered":"<p>[vc_row full_width=\u00bbstretch_row\u00bb css=\u00bb.vc_custom_1566128103584{background-position: 0 0 !important;background-repeat: no-repeat !important;}\u00bb][vc_column width=\u00bb2\/3&#8243;][vc_single_image image=\u00bb184&#8243; img_size=\u00bbfull\u00bb alignment=\u00bbcenter\u00bb css_animation=\u00bbfadeInUp\u00bb css=\u00bb.vc_custom_1566141961941{border-top-width: 3px !important;border-right-width: 3px !important;border-bottom-width: 3px !important;border-left-width: 3px !important;border-left-color: #353550 !important;border-left-style: solid !important;border-right-color: #353550 !important;border-right-style: solid !important;border-top-color: #353550 !important;border-top-style: solid !important;border-bottom-color: #353550 !important;border-bottom-style: solid !important;}\u00bb][vc_column_text] &nbsp; HORARIO EDUCATIVO Educaci\u00f3n Infantil 9.00h a 14.00h. Educaci\u00f3n Primaria 9.00h a 14.00h. Educaci\u00f3n Secundaria 8.00h a [&hellip;]<\/p>\n","protected":false},"author":1,"featured_media":16,"parent":0,"menu_order":0,"comment_status":"closed","ping_status":"closed","template":"page-pagebuilder-title.php","meta":{"footnotes":""},"yoast_head":"<!-- This site is optimized with the Yoast SEO plugin v21.7 - https:\/\/yoast.com\/wordpress\/plugins\/seo\/ -->\n<title>Horarios - Colegio Manuel Siurot de M\u00e1laga<\/title>\n<meta name=\"robots\" content=\"index, follow, max-snippet:-1, max-image-preview:large, max-video-preview:-1\" \/>\n<link rel=\"canonical\" href=\"http:\/\/siurotbk.dev.theroomsocial.com\/?page_id=183\" \/>\n<meta property=\"og:locale\" content=\"es_ES\" \/>\n<meta property=\"og:type\" content=\"article\" \/>\n<meta property=\"og:title\" content=\"Horarios - Colegio Manuel Siurot de M\u00e1laga\" \/>\n<meta property=\"og:description\" content=\"[vc_row full_width=\u00bbstretch_row\u00bb css=\u00bb.vc_custom_1566128103584{background-position: 0 0 !important;background-repeat: no-repeat !important;}\u00bb][vc_column width=\u00bb2\/3&#8243;][vc_single_image image=\u00bb184&#8243; img_size=\u00bbfull\u00bb alignment=\u00bbcenter\u00bb css_animation=\u00bbfadeInUp\u00bb css=\u00bb.vc_custom_1566141961941{border-top-width: 3px !important;border-right-width: 3px !important;border-bottom-width: 3px !important;border-left-width: 3px !important;border-left-color: #353550 !important;border-left-style: solid !important;border-right-color: #353550 !important;border-right-style: solid !important;border-top-color: #353550 !important;border-top-style: solid !important;border-bottom-color: #353550 !important;border-bottom-style: solid !important;}\u00bb][vc_column_text] &nbsp; HORARIO EDUCATIVO Educaci\u00f3n Infantil 9.00h a 14.00h. Educaci\u00f3n Primaria 9.00h a 14.00h. Educaci\u00f3n Secundaria 8.00h a [&hellip;]\" \/>\n<meta property=\"og:url\" content=\"http:\/\/siurotbk.dev.theroomsocial.com\/?page_id=183\" \/>\n<meta property=\"og:site_name\" content=\"Colegio Manuel Siurot de M\u00e1laga\" \/>\n<meta property=\"article:publisher\" content=\"https:\/\/www.facebook.com\/colegiomanuelsiurot\/\" \/>\n<meta property=\"article:modified_time\" content=\"2021-09-14T10:40:18+00:00\" \/>\n<meta property=\"og:image\" content=\"http:\/\/siurotbk.dev.theroomsocial.com\/wp-content\/uploads\/2019\/07\/favicon.png\" \/>\n\t<meta property=\"og:image:width\" content=\"512\" \/>\n\t<meta property=\"og:image:height\" content=\"512\" \/>\n\t<meta property=\"og:image:type\" content=\"image\/png\" \/>\n<meta name=\"twitter:card\" content=\"summary_large_image\" \/>\n<meta name=\"twitter:site\" content=\"@colegiomsiurot\" \/>\n<meta name=\"twitter:label1\" content=\"Tiempo de lectura\" \/>\n\t<meta name=\"twitter:data1\" content=\"1 minuto\" \/>\n<script type=\"application\/ld+json\" class=\"yoast-schema-graph\">{\"@context\":\"https:\/\/schema.org\",\"@graph\":[{\"@type\":\"WebPage\",\"@id\":\"http:\/\/siurotbk.dev.theroomsocial.com\/?page_id=183\",\"url\":\"http:\/\/siurotbk.dev.theroomsocial.com\/?page_id=183\",\"name\":\"Horarios - Colegio Manuel Siurot de M\u00e1laga\",\"isPartOf\":{\"@id\":\"https:\/\/siurotbk.dev.theroomsocial.com\/#website\"},\"datePublished\":\"2019-08-07T13:22:35+00:00\",\"dateModified\":\"2021-09-14T10:40:18+00:00\",\"breadcrumb\":{\"@id\":\"http:\/\/siurotbk.dev.theroomsocial.com\/?page_id=183#breadcrumb\"},\"inLanguage\":\"es\",\"potentialAction\":[{\"@type\":\"ReadAction\",\"target\":[\"http:\/\/siurotbk.dev.theroomsocial.com\/?page_id=183\"]}]},{\"@type\":\"BreadcrumbList\",\"@id\":\"http:\/\/siurotbk.dev.theroomsocial.com\/?page_id=183#breadcrumb\",\"itemListElement\":[{\"@type\":\"ListItem\",\"position\":1,\"name\":\"Portada\",\"item\":\"https:\/\/siurotbk.dev.theroomsocial.com\/\"},{\"@type\":\"ListItem\",\"position\":2,\"name\":\"Horarios\"}]},{\"@type\":\"WebSite\",\"@id\":\"https:\/\/siurotbk.dev.theroomsocial.com\/#website\",\"url\":\"https:\/\/siurotbk.dev.theroomsocial.com\/\",\"name\":\"Colegio Manuel Siurot de M\u00e1laga\",\"description\":\"Colegio concertado biling\u00fce\",\"potentialAction\":[{\"@type\":\"SearchAction\",\"target\":{\"@type\":\"EntryPoint\",\"urlTemplate\":\"https:\/\/siurotbk.dev.theroomsocial.com\/?s={search_term_string}\"},\"query-input\":\"required name=search_term_string\"}],\"inLanguage\":\"es\"}]}<\/script>\n<!-- \/ Yoast SEO plugin. -->","yoast_head_json":{"title":"Horarios - Colegio Manuel Siurot de M\u00e1laga","robots":{"index":"index","follow":"follow","max-snippet":"max-snippet:-1","max-image-preview":"max-image-preview:large","max-video-preview":"max-video-preview:-1"},"canonical":"http:\/\/siurotbk.dev.theroomsocial.com\/?page_id=183","og_locale":"es_ES","og_type":"article","og_title":"Horarios - Colegio Manuel Siurot de M\u00e1laga","og_description":"[vc_row full_width=\u00bbstretch_row\u00bb css=\u00bb.vc_custom_1566128103584{background-position: 0 0 !important;background-repeat: no-repeat !important;}\u00bb][vc_column width=\u00bb2\/3&#8243;][vc_single_image image=\u00bb184&#8243; img_size=\u00bbfull\u00bb alignment=\u00bbcenter\u00bb css_animation=\u00bbfadeInUp\u00bb css=\u00bb.vc_custom_1566141961941{border-top-width: 3px !important;border-right-width: 3px !important;border-bottom-width: 3px !important;border-left-width: 3px !important;border-left-color: #353550 !important;border-left-style: solid !important;border-right-color: #353550 !important;border-right-style: solid !important;border-top-color: #353550 !important;border-top-style: solid !important;border-bottom-color: #353550 !important;border-bottom-style: solid !important;}\u00bb][vc_column_text] &nbsp; HORARIO EDUCATIVO Educaci\u00f3n Infantil 9.00h a 14.00h. Educaci\u00f3n Primaria 9.00h a 14.00h. Educaci\u00f3n Secundaria 8.00h a [&hellip;]","og_url":"http:\/\/siurotbk.dev.theroomsocial.com\/?page_id=183","og_site_name":"Colegio Manuel Siurot de M\u00e1laga","article_publisher":"https:\/\/www.facebook.com\/colegiomanuelsiurot\/","article_modified_time":"2021-09-14T10:40:18+00:00","og_image":[{"width":512,"height":512,"url":"http:\/\/siurotbk.dev.theroomsocial.com\/wp-content\/uploads\/2019\/07\/favicon.png","type":"image\/png"}],"twitter_card":"summary_large_image","twitter_site":"@colegiomsiurot","twitter_misc":{"Tiempo de lectura":"1 minuto"},"schema":{"@context":"https:\/\/schema.org","@graph":[{"@type":"WebPage","@id":"http:\/\/siurotbk.dev.theroomsocial.com\/?page_id=183","url":"http:\/\/siurotbk.dev.theroomsocial.com\/?page_id=183","name":"Horarios - Colegio Manuel Siurot de M\u00e1laga","isPartOf":{"@id":"https:\/\/siurotbk.dev.theroomsocial.com\/#website"},"datePublished":"2019-08-07T13:22:35+00:00","dateModified":"2021-09-14T10:40:18+00:00","breadcrumb":{"@id":"http:\/\/siurotbk.dev.theroomsocial.com\/?page_id=183#breadcrumb"},"inLanguage":"es","potentialAction":[{"@type":"ReadAction","target":["http:\/\/siurotbk.dev.theroomsocial.com\/?page_id=183"]}]},{"@type":"BreadcrumbList","@id":"http:\/\/siurotbk.dev.theroomsocial.com\/?page_id=183#breadcrumb","itemListElement":[{"@type":"ListItem","position":1,"name":"Portada","item":"https:\/\/siurotbk.dev.theroomsocial.com\/"},{"@type":"ListItem","position":2,"name":"Horarios"}]},{"@type":"WebSite","@id":"https:\/\/siurotbk.dev.theroomsocial.com\/#website","url":"https:\/\/siurotbk.dev.theroomsocial.com\/","name":"Colegio Manuel Siurot de M\u00e1laga","description":"Colegio concertado biling\u00fce","potentialAction":[{"@type":"SearchAction","target":{"@type":"EntryPoint","urlTemplate":"https:\/\/siurotbk.dev.theroomsocial.com\/?s={search_term_string}"},"query-input":"required name=search_term_string"}],"inLanguage":"es"}]}},"_links":{"self":[{"href":"http:\/\/siurotbk.dev.theroomsocial.com\/index.php?rest_route=\/wp\/v2\/pages\/183"}],"collection":[{"href":"http:\/\/siurotbk.dev.theroomsocial.com\/index.php?rest_route=\/wp\/v2\/pages"}],"about":[{"href":"http:\/\/siurotbk.dev.theroomsocial.com\/index.php?rest_route=\/wp\/v2\/types\/page"}],"author":[{"embeddable":true,"href":"http:\/\/siurotbk.dev.theroomsocial.com\/index.php?rest_route=\/wp\/v2\/users\/1"}],"replies":[{"embeddable":true,"href":"http:\/\/siurotbk.dev.theroomsocial.com\/index.php?rest_route=%2Fwp%2Fv2%2Fcomments&post=183"}],"version-history":[{"count":17,"href":"http:\/\/siurotbk.dev.theroomsocial.com\/index.php?rest_route=\/wp\/v2\/pages\/183\/revisions"}],"predecessor-version":[{"id":5333,"href":"http:\/\/siurotbk.dev.theroomsocial.com\/index.php?rest_route=\/wp\/v2\/pages\/183\/revisions\/5333"}],"wp:featuredmedia":[{"embeddable":true,"href":"http:\/\/siurotbk.dev.theroomsocial.com\/index.php?rest_route=\/wp\/v2\/media\/16"}],"wp:attachment":[{"href":"http:\/\/siurotbk.dev.theroomsocial.com\/index.php?rest_route=%2Fwp%2Fv2%2Fmedia&parent=183"}],"curies":[{"name":"wp","href":"https:\/\/api.w.org\/{rel}","templated":true}]}}