{"id":157,"date":"2019-08-07T11:21:21","date_gmt":"2019-08-07T11:21:21","guid":{"rendered":"http:\/\/siurotbk.dev.theroomsocial.com?page_id=157"},"modified":"2020-06-01T10:08:01","modified_gmt":"2020-06-01T08:08:01","slug":"cooperativa-de-ensenanza","status":"publish","type":"page","link":"http:\/\/siurotbk.dev.theroomsocial.com\/?page_id=157","title":{"rendered":"Qui\u00e9nes somos"},"content":{"rendered":"<p>[vc_row][vc_column][vc_single_image image=\u00bb4399&#8243; img_size=\u00bbfull\u00bb alignment=\u00bbcenter\u00bb css_animation=\u00bbfadeInUp\u00bb css=\u00bb.vc_custom_1590850629580{border-top-width: 3px !important;border-right-width: 3px !important;border-bottom-width: 3px !important;border-left-width: 3px !important;border-left-color: #353550 !important;border-left-style: solid !important;border-right-color: #353550 !important;border-right-style: solid !important;border-top-color: #353550 !important;border-top-style: solid !important;border-bottom-color: #353550 !important;border-bottom-style: solid !important;}\u00bb][\/vc_column][\/vc_row][vc_row full_width=\u00bbstretch_row\u00bb css=\u00bb.vc_custom_1566128103584{background-position: 0 0 !important;background-repeat: no-repeat !important;}\u00bb][vc_column width=\u00bb2\/3&#8243;][vc_column_text]<\/p>\n<div class=\"itemIntroText\">\n<p style=\"text-align: justify;\">El Colegio Siurot fue fundado en 1968, por iniciativa privada, asumiendo los niveles educativos obligatorios de la \u00e9poca, as\u00ed como Bachillerato elemental.<\/p>\n<p style=\"text-align: justify;\">En 1973, implantada ya la E.G.B, el colegio adquiere la subvenci\u00f3n parcial de fondos p\u00fablicos, con 16 unidades en funcionamiento, en doble l\u00ednea, de primero a octavo.<\/p>\n<\/div>\n<div class=\"itemFullText\">\n<p style=\"text-align: justify;\">En 1988 la totalidad de sus trabajadores, constituidos en sociedad cooperativa adquieren por compra-venta el colegio y la cesi\u00f3n de la titularidad, pasando a denominarse Colegio Manuel Siurot, S. Coop. And.\u00a0 Manteniendo concierto educativo con la JJ.AA. de una s\u00f3la l\u00ednea en las etapas educativas de infantil segundo ciclo, primaria y educaci\u00f3n secundaria obligatoria.<\/p>\n<p style=\"text-align: justify;\">Con unos 340 alumnos y 25 trabajadores, con el transcurso del tiempo hemos implantado diferentes servicios, en un intento de mejorar la calidad de la educaci\u00f3n, como el aula matinal, servicio de comedor y servicio de apoyo de logopedia gratuito.<\/p>\n<p style=\"text-align: justify;\">Estamos inmersos en un proceso de internacionalizaci\u00f3n y adquisici\u00f3n de valores europeos con objeto de avanzar hacia una sociedad cada vez m\u00e1s igualitaria y solidaria, entendiendo el aprendizaje de idiomas como herramienta vehicular para alcanzar dicho objetivo. En este sentido, nuestra primera acci\u00f3n ha sido la consecuci\u00f3n de la aprobaci\u00f3n por parte de la JJAA del programa de Ense\u00f1anza Biling\u00fce actualmente implantado en las etapas de infantil y primaria, empezando el pr\u00f3ximo curso en secundaria, de manera progresiva, hasta cubrir todos los niveles educativos que abarcamos.<\/p>\n<p style=\"text-align: justify;\">Adem\u00e1s de la certificaci\u00f3n en ense\u00f1anza biling\u00fce, son varias las acciones que nuestro centro integra en su actividad diaria con el fin de que ese sentimiento de identidad europeo que perseguimos impregne nuestra comunidad educativa, poniendo siempre especial \u00e9nfasis en el aprendizaje de idiomas para alcanzar el objetivo, foment\u00e1ndolo con la colaboraci\u00f3n de auxiliares de conversaci\u00f3n de EEUU, participaci\u00f3n en proyectos educativos entre centros de pa\u00edses Erasmus+ bajo las acciones AK219 \u2013 AK229 o proyectos en la plataforma educativa europea eTwinning.<\/p>\n<p style=\"text-align: justify;\">En relaci\u00f3n al aprendizaje de idiomas, en horario de tarde, nuestro centro se convierte en Idiomas Siurot, una escuela de ense\u00f1anza de ingl\u00e9s como actividad extra-curricular, pionera en la zona y cuyo \u00e9xito ha traspasado fronteras al ser usada como ejemplo publicitario por Cambridge University Press en otros pa\u00edses de la Uni\u00f3n Europea. Ofrecemos cursos de ingl\u00e9s de septiembre a junio, impartidos por profesores nativos y biling\u00fces altamente cualificados, en los que los alumnos son clasificados seg\u00fan los niveles que establece el Marco Com\u00fan Europeo de Referencia para las Lenguas (MCER).\u00a0 La meta es mejorar las destrezas en la lengua inglesa, al mismo tiempo que preparar los ex\u00e1menes oficiales establecidos por la Universidad de Cambridge (ESOL Cambridge).<\/p>\n<\/div>\n<p>[\/vc_column_text][\/vc_column][vc_column width=\u00bb1\/3&#8243;][vc_widget_sidebar sidebar_id=\u00bbtd-default\u00bb][\/vc_column][\/vc_row]<\/p>\n","protected":false},"excerpt":{"rendered":"<p>[vc_row][vc_column][vc_single_image image=\u00bb4399&#8243; img_size=\u00bbfull\u00bb alignment=\u00bbcenter\u00bb css_animation=\u00bbfadeInUp\u00bb css=\u00bb.vc_custom_1590850629580{border-top-width: 3px !important;border-right-width: 3px !important;border-bottom-width: 3px !important;border-left-width: 3px !important;border-left-color: #353550 !important;border-left-style: solid !important;border-right-color: #353550 !important;border-right-style: solid !important;border-top-color: #353550 !important;border-top-style: solid !important;border-bottom-color: #353550 !important;border-bottom-style: solid !important;}\u00bb][\/vc_column][\/vc_row][vc_row full_width=\u00bbstretch_row\u00bb css=\u00bb.vc_custom_1566128103584{background-position: 0 0 !important;background-repeat: no-repeat !important;}\u00bb][vc_column width=\u00bb2\/3&#8243;][vc_column_text] El Colegio Siurot fue fundado en 1968, por iniciativa privada, asumiendo los niveles educativos obligatorios de la [&hellip;]<\/p>\n","protected":false},"author":1,"featured_media":16,"parent":0,"menu_order":0,"comment_status":"closed","ping_status":"closed","template":"page-pagebuilder-title.php","meta":{"footnotes":""},"yoast_head":"<!-- This site is optimized with the Yoast SEO plugin v21.7 - https:\/\/yoast.com\/wordpress\/plugins\/seo\/ -->\n<title>Qui\u00e9nes somos - Colegio Manuel Siurot de M\u00e1laga<\/title>\n<meta name=\"robots\" content=\"index, follow, max-snippet:-1, max-image-preview:large, max-video-preview:-1\" \/>\n<link rel=\"canonical\" href=\"http:\/\/siurotbk.dev.theroomsocial.com\/?page_id=157\" \/>\n<meta property=\"og:locale\" content=\"es_ES\" \/>\n<meta property=\"og:type\" content=\"article\" \/>\n<meta property=\"og:title\" content=\"Qui\u00e9nes somos - Colegio Manuel Siurot de M\u00e1laga\" \/>\n<meta property=\"og:description\" content=\"[vc_row][vc_column][vc_single_image image=\u00bb4399&#8243; img_size=\u00bbfull\u00bb alignment=\u00bbcenter\u00bb css_animation=\u00bbfadeInUp\u00bb css=\u00bb.vc_custom_1590850629580{border-top-width: 3px !important;border-right-width: 3px !important;border-bottom-width: 3px !important;border-left-width: 3px !important;border-left-color: #353550 !important;border-left-style: solid !important;border-right-color: #353550 !important;border-right-style: solid !important;border-top-color: #353550 !important;border-top-style: solid !important;border-bottom-color: #353550 !important;border-bottom-style: solid !important;}\u00bb][\/vc_column][\/vc_row][vc_row full_width=\u00bbstretch_row\u00bb css=\u00bb.vc_custom_1566128103584{background-position: 0 0 !important;background-repeat: no-repeat !important;}\u00bb][vc_column width=\u00bb2\/3&#8243;][vc_column_text] El Colegio Siurot fue fundado en 1968, por iniciativa privada, asumiendo los niveles educativos obligatorios de la [&hellip;]\" \/>\n<meta property=\"og:url\" content=\"http:\/\/siurotbk.dev.theroomsocial.com\/?page_id=157\" \/>\n<meta property=\"og:site_name\" content=\"Colegio Manuel Siurot de M\u00e1laga\" \/>\n<meta property=\"article:publisher\" content=\"https:\/\/www.facebook.com\/colegiomanuelsiurot\/\" \/>\n<meta property=\"article:modified_time\" content=\"2020-06-01T08:08:01+00:00\" \/>\n<meta property=\"og:image\" content=\"http:\/\/siurotbk.dev.theroomsocial.com\/wp-content\/uploads\/2019\/07\/favicon.png\" \/>\n\t<meta property=\"og:image:width\" content=\"512\" \/>\n\t<meta property=\"og:image:height\" content=\"512\" \/>\n\t<meta property=\"og:image:type\" content=\"image\/png\" \/>\n<meta name=\"twitter:card\" content=\"summary_large_image\" \/>\n<meta name=\"twitter:site\" content=\"@colegiomsiurot\" \/>\n<meta name=\"twitter:label1\" content=\"Tiempo de lectura\" \/>\n\t<meta name=\"twitter:data1\" content=\"3 minutos\" \/>\n<script type=\"application\/ld+json\" class=\"yoast-schema-graph\">{\"@context\":\"https:\/\/schema.org\",\"@graph\":[{\"@type\":\"WebPage\",\"@id\":\"http:\/\/siurotbk.dev.theroomsocial.com\/?page_id=157\",\"url\":\"http:\/\/siurotbk.dev.theroomsocial.com\/?page_id=157\",\"name\":\"Qui\u00e9nes somos - Colegio Manuel Siurot de M\u00e1laga\",\"isPartOf\":{\"@id\":\"https:\/\/siurotbk.dev.theroomsocial.com\/#website\"},\"datePublished\":\"2019-08-07T11:21:21+00:00\",\"dateModified\":\"2020-06-01T08:08:01+00:00\",\"breadcrumb\":{\"@id\":\"http:\/\/siurotbk.dev.theroomsocial.com\/?page_id=157#breadcrumb\"},\"inLanguage\":\"es\",\"potentialAction\":[{\"@type\":\"ReadAction\",\"target\":[\"http:\/\/siurotbk.dev.theroomsocial.com\/?page_id=157\"]}]},{\"@type\":\"BreadcrumbList\",\"@id\":\"http:\/\/siurotbk.dev.theroomsocial.com\/?page_id=157#breadcrumb\",\"itemListElement\":[{\"@type\":\"ListItem\",\"position\":1,\"name\":\"Portada\",\"item\":\"https:\/\/siurotbk.dev.theroomsocial.com\/\"},{\"@type\":\"ListItem\",\"position\":2,\"name\":\"Qui\u00e9nes somos\"}]},{\"@type\":\"WebSite\",\"@id\":\"https:\/\/siurotbk.dev.theroomsocial.com\/#website\",\"url\":\"https:\/\/siurotbk.dev.theroomsocial.com\/\",\"name\":\"Colegio Manuel Siurot de M\u00e1laga\",\"description\":\"Colegio concertado biling\u00fce\",\"potentialAction\":[{\"@type\":\"SearchAction\",\"target\":{\"@type\":\"EntryPoint\",\"urlTemplate\":\"https:\/\/siurotbk.dev.theroomsocial.com\/?s={search_term_string}\"},\"query-input\":\"required name=search_term_string\"}],\"inLanguage\":\"es\"}]}<\/script>\n<!-- \/ Yoast SEO plugin. -->","yoast_head_json":{"title":"Qui\u00e9nes somos - Colegio Manuel Siurot de M\u00e1laga","robots":{"index":"index","follow":"follow","max-snippet":"max-snippet:-1","max-image-preview":"max-image-preview:large","max-video-preview":"max-video-preview:-1"},"canonical":"http:\/\/siurotbk.dev.theroomsocial.com\/?page_id=157","og_locale":"es_ES","og_type":"article","og_title":"Qui\u00e9nes somos - Colegio Manuel Siurot de M\u00e1laga","og_description":"[vc_row][vc_column][vc_single_image image=\u00bb4399&#8243; img_size=\u00bbfull\u00bb alignment=\u00bbcenter\u00bb css_animation=\u00bbfadeInUp\u00bb css=\u00bb.vc_custom_1590850629580{border-top-width: 3px !important;border-right-width: 3px !important;border-bottom-width: 3px !important;border-left-width: 3px !important;border-left-color: #353550 !important;border-left-style: solid !important;border-right-color: #353550 !important;border-right-style: solid !important;border-top-color: #353550 !important;border-top-style: solid !important;border-bottom-color: #353550 !important;border-bottom-style: solid !important;}\u00bb][\/vc_column][\/vc_row][vc_row full_width=\u00bbstretch_row\u00bb css=\u00bb.vc_custom_1566128103584{background-position: 0 0 !important;background-repeat: no-repeat !important;}\u00bb][vc_column width=\u00bb2\/3&#8243;][vc_column_text] El Colegio Siurot fue fundado en 1968, por iniciativa privada, asumiendo los niveles educativos obligatorios de la [&hellip;]","og_url":"http:\/\/siurotbk.dev.theroomsocial.com\/?page_id=157","og_site_name":"Colegio Manuel Siurot de M\u00e1laga","article_publisher":"https:\/\/www.facebook.com\/colegiomanuelsiurot\/","article_modified_time":"2020-06-01T08:08:01+00:00","og_image":[{"width":512,"height":512,"url":"http:\/\/siurotbk.dev.theroomsocial.com\/wp-content\/uploads\/2019\/07\/favicon.png","type":"image\/png"}],"twitter_card":"summary_large_image","twitter_site":"@colegiomsiurot","twitter_misc":{"Tiempo de lectura":"3 minutos"},"schema":{"@context":"https:\/\/schema.org","@graph":[{"@type":"WebPage","@id":"http:\/\/siurotbk.dev.theroomsocial.com\/?page_id=157","url":"http:\/\/siurotbk.dev.theroomsocial.com\/?page_id=157","name":"Qui\u00e9nes somos - Colegio Manuel Siurot de M\u00e1laga","isPartOf":{"@id":"https:\/\/siurotbk.dev.theroomsocial.com\/#website"},"datePublished":"2019-08-07T11:21:21+00:00","dateModified":"2020-06-01T08:08:01+00:00","breadcrumb":{"@id":"http:\/\/siurotbk.dev.theroomsocial.com\/?page_id=157#breadcrumb"},"inLanguage":"es","potentialAction":[{"@type":"ReadAction","target":["http:\/\/siurotbk.dev.theroomsocial.com\/?page_id=157"]}]},{"@type":"BreadcrumbList","@id":"http:\/\/siurotbk.dev.theroomsocial.com\/?page_id=157#breadcrumb","itemListElement":[{"@type":"ListItem","position":1,"name":"Portada","item":"https:\/\/siurotbk.dev.theroomsocial.com\/"},{"@type":"ListItem","position":2,"name":"Qui\u00e9nes somos"}]},{"@type":"WebSite","@id":"https:\/\/siurotbk.dev.theroomsocial.com\/#website","url":"https:\/\/siurotbk.dev.theroomsocial.com\/","name":"Colegio Manuel Siurot de M\u00e1laga","description":"Colegio concertado biling\u00fce","potentialAction":[{"@type":"SearchAction","target":{"@type":"EntryPoint","urlTemplate":"https:\/\/siurotbk.dev.theroomsocial.com\/?s={search_term_string}"},"query-input":"required name=search_term_string"}],"inLanguage":"es"}]}},"_links":{"self":[{"href":"http:\/\/siurotbk.dev.theroomsocial.com\/index.php?rest_route=\/wp\/v2\/pages\/157"}],"collection":[{"href":"http:\/\/siurotbk.dev.theroomsocial.com\/index.php?rest_route=\/wp\/v2\/pages"}],"about":[{"href":"http:\/\/siurotbk.dev.theroomsocial.com\/index.php?rest_route=\/wp\/v2\/types\/page"}],"author":[{"embeddable":true,"href":"http:\/\/siurotbk.dev.theroomsocial.com\/index.php?rest_route=\/wp\/v2\/users\/1"}],"replies":[{"embeddable":true,"href":"http:\/\/siurotbk.dev.theroomsocial.com\/index.php?rest_route=%2Fwp%2Fv2%2Fcomments&post=157"}],"version-history":[{"count":8,"href":"http:\/\/siurotbk.dev.theroomsocial.com\/index.php?rest_route=\/wp\/v2\/pages\/157\/revisions"}],"predecessor-version":[{"id":4431,"href":"http:\/\/siurotbk.dev.theroomsocial.com\/index.php?rest_route=\/wp\/v2\/pages\/157\/revisions\/4431"}],"wp:featuredmedia":[{"embeddable":true,"href":"http:\/\/siurotbk.dev.theroomsocial.com\/index.php?rest_route=\/wp\/v2\/media\/16"}],"wp:attachment":[{"href":"http:\/\/siurotbk.dev.theroomsocial.com\/index.php?rest_route=%2Fwp%2Fv2%2Fmedia&parent=157"}],"curies":[{"name":"wp","href":"https:\/\/api.w.org\/{rel}","templated":true}]}}