{"id":1537,"date":"2019-11-05T10:08:46","date_gmt":"2019-11-05T09:08:46","guid":{"rendered":"http:\/\/siurotbk.dev.theroomsocial.com?page_id=1537"},"modified":"2020-01-09T09:35:54","modified_gmt":"2020-01-09T08:35:54","slug":"yo-hago","status":"publish","type":"page","link":"http:\/\/siurotbk.dev.theroomsocial.com\/?page_id=1537","title":{"rendered":"Yo hago"},"content":{"rendered":"<p>[vc_row full_width=\u00bbstretch_row\u00bb css=\u00bb.vc_custom_1566128103584{background-position: 0 0 !important;background-repeat: no-repeat !important;}\u00bb][vc_column width=\u00bb2\/3&#8243;][vc_single_image image=\u00bb1539&#8243; img_size=\u00bbfull\u00bb alignment=\u00bbcenter\u00bb css_animation=\u00bbfadeInUp\u00bb css=\u00bb.vc_custom_1572944908077{border-top-width: 3px !important;border-right-width: 3px !important;border-bottom-width: 3px !important;border-left-width: 3px !important;border-left-color: #353550 !important;border-left-style: solid !important;border-right-color: #353550 !important;border-right-style: solid !important;border-top-color: #353550 !important;border-top-style: solid !important;border-bottom-color: #353550 !important;border-bottom-style: solid !important;}\u00bb][vc_column_text]<\/p>\n<p style=\"text-align: justify;\">Desde el colegio Manuel Siurot, en nuestro esfuerzo de internacionalizaci\u00f3n, hemos comenzado un nuevo proyecto e-Twinning, junto al centro alem\u00e1n Gymnasium am Wirteltor D\u00fcren, de Alemania.\u00a0 De la mano de nuestra compa\u00f1era Claudia Misere, la cual hemos conocido en el proyecto KA229\u00a0 Connencting Schools Acroos Borders.\u00a0 A d\u00eda de hoy se nos ha unido otro centro franc\u00e9s del sur de Par\u00eds, Institution du Sacr\u00e9 en La Ville du Bois, teniendo como compa\u00f1era a Andrea Lagon y un centro ital<span style=\"color: #000000;\">iano, <a style=\"color: #000000;\" href=\"https:\/\/live.etwinning.net\/profile\/school\/120087\">Padre Agostino Gemelli, <\/a>d<\/span>e la ciudad de Tur\u00edn, teniendo como compa\u00f1era a Paola Scarano<\/p>\n<p style=\"text-align: justify;\">La plataforma educativa e-Twinning forma parte de Erasmus+, el programa de la Uni\u00f3n Europea en materia de educaci\u00f3n, formaci\u00f3n, juventud y deporte.\u00a0 Nuestro centro forma parte de esta plataforma junto con otros 199.000 centros educativos europeos, 730.000 profesores y con un bagaje de 96.000 proyectos.\u00a0 Esta plataforma nos ayuda a comunicarnos, colaborar, desarrollar proyectos y compartir sintiendo y formando parte de la comunidad educativa de Europa.<\/p>\n<p style=\"text-align: justify;\">Nuestro proyecto YO HAGO, pretende concienciar a los alumnos de la importancia de que tomen la iniciativa y act\u00faen, en los problemas medioambientales de su entorno. La intenci\u00f3n es que comprendan que no basta s\u00f3lo, con reciclar, reducir y reutilizar, hay que HACER, salir a recoger residuos, en forma mayormente de pl\u00e1sticos que rodean los entornos en los que vivimos.<\/p>\n<p style=\"text-align: justify;\">Adem\u00e1s de crear conciencia ecol\u00f3gica y formaci\u00f3n en los problemas globales, deben conocer los problemas reales y cercanos de su entorno. Convirti\u00e9ndose en mentores de sus compa\u00f1eros de cursos inferiores, as\u00ed como embajadores en el seno de sus familias, promoviendo la cultura ecol\u00f3gica y la iniciativa para formar parte de la soluci\u00f3n de los problemas m\u00e1s cercanos que le rodean.<\/p>\n<p style=\"text-align: justify;\">Los alumnos participantes, en el \u00e1rea de tecnolog\u00eda de 2\u00ba y 3\u00ba de ESO, deben hacerse una foto, demostrando que act\u00faan, seg\u00fan los problemas y posibilidades del entorno donde vivan, la cual subir\u00e1n a la plataforma y servir\u00e1 como herramienta para conocer los problemas locales de sus compa\u00f1eros de los centros que compartan el proyecto.<\/p>\n<p>[\/vc_column_text][\/vc_column][vc_column width=\u00bb1\/3&#8243;][vc_widget_sidebar sidebar_id=\u00bbtd-default\u00bb][\/vc_column][\/vc_row][vc_row][vc_column]<div class=\"td_block_wrap td_block_14 td_uid_1_69d13958434ed_rand td-pb-full-cell td-pb-border-top td_block_template_1 td-column-1\"  data-td-block-uid=\"td_uid_1_69d13958434ed\" ><script>var block_td_uid_1_69d13958434ed = new tdBlock();\nblock_td_uid_1_69d13958434ed.id = \"td_uid_1_69d13958434ed\";\nblock_td_uid_1_69d13958434ed.atts = '{\"custom_title\":\"Publicaciones de Yo Hago\",\"category_id\":\"135\",\"limit\":\"9\",\"tdc_css\":\"\",\"separator\":\"\",\"custom_url\":\"\",\"block_template_id\":\"\",\"mx1_tl\":\"\",\"post_ids\":\"\",\"category_ids\":\"\",\"tag_slug\":\"\",\"autors_id\":\"\",\"installed_post_types\":\"\",\"sort\":\"\",\"offset\":\"\",\"el_class\":\"\",\"td_ajax_filter_type\":\"\",\"td_ajax_filter_ids\":\"\",\"td_filter_default_txt\":\"All\",\"td_ajax_preloading\":\"\",\"f_header_font_header\":\"\",\"f_header_font_title\":\"Block header\",\"f_header_font_settings\":\"\",\"f_header_font_family\":\"\",\"f_header_font_size\":\"\",\"f_header_font_line_height\":\"\",\"f_header_font_style\":\"\",\"f_header_font_weight\":\"\",\"f_header_font_transform\":\"\",\"f_header_font_spacing\":\"\",\"f_header_\":\"\",\"f_ajax_font_title\":\"Ajax categories\",\"f_ajax_font_settings\":\"\",\"f_ajax_font_family\":\"\",\"f_ajax_font_size\":\"\",\"f_ajax_font_line_height\":\"\",\"f_ajax_font_style\":\"\",\"f_ajax_font_weight\":\"\",\"f_ajax_font_transform\":\"\",\"f_ajax_font_spacing\":\"\",\"f_ajax_\":\"\",\"f_more_font_title\":\"Load more button\",\"f_more_font_settings\":\"\",\"f_more_font_family\":\"\",\"f_more_font_size\":\"\",\"f_more_font_line_height\":\"\",\"f_more_font_style\":\"\",\"f_more_font_weight\":\"\",\"f_more_font_transform\":\"\",\"f_more_font_spacing\":\"\",\"f_more_\":\"\",\"mx1f_title_font_header\":\"\",\"mx1f_title_font_title\":\"Article title\",\"mx1f_title_font_settings\":\"\",\"mx1f_title_font_family\":\"\",\"mx1f_title_font_size\":\"\",\"mx1f_title_font_line_height\":\"\",\"mx1f_title_font_style\":\"\",\"mx1f_title_font_weight\":\"\",\"mx1f_title_font_transform\":\"\",\"mx1f_title_font_spacing\":\"\",\"mx1f_title_\":\"\",\"mx1f_cat_font_title\":\"Article category tag\",\"mx1f_cat_font_settings\":\"\",\"mx1f_cat_font_family\":\"\",\"mx1f_cat_font_size\":\"\",\"mx1f_cat_font_line_height\":\"\",\"mx1f_cat_font_style\":\"\",\"mx1f_cat_font_weight\":\"\",\"mx1f_cat_font_transform\":\"\",\"mx1f_cat_font_spacing\":\"\",\"mx1f_cat_\":\"\",\"mx1f_meta_font_title\":\"Article meta info\",\"mx1f_meta_font_settings\":\"\",\"mx1f_meta_font_family\":\"\",\"mx1f_meta_font_size\":\"\",\"mx1f_meta_font_line_height\":\"\",\"mx1f_meta_font_style\":\"\",\"mx1f_meta_font_weight\":\"\",\"mx1f_meta_font_transform\":\"\",\"mx1f_meta_font_spacing\":\"\",\"mx1f_meta_\":\"\",\"ajax_pagination\":\"\",\"ajax_pagination_infinite_stop\":\"\",\"css\":\"\",\"td_column_number\":1,\"header_color\":\"\",\"color_preset\":\"\",\"border_top\":\"\",\"class\":\"td_uid_1_69d13958434ed_rand\",\"tdc_css_class\":\"td_uid_1_69d13958434ed_rand\",\"tdc_css_class_style\":\"td_uid_1_69d13958434ed_rand_style\"}';\nblock_td_uid_1_69d13958434ed.td_column_number = \"1\";\nblock_td_uid_1_69d13958434ed.block_type = \"td_block_14\";\nblock_td_uid_1_69d13958434ed.post_count = \"2\";\nblock_td_uid_1_69d13958434ed.found_posts = \"2\";\nblock_td_uid_1_69d13958434ed.header_color = \"\";\nblock_td_uid_1_69d13958434ed.ajax_pagination_infinite_stop = \"\";\nblock_td_uid_1_69d13958434ed.max_num_pages = \"1\";\ntdBlocksArray.push(block_td_uid_1_69d13958434ed);\n<\/script><div class=\"td-block-title-wrap\"><h4 class=\"block-title td-block-title\"><span class=\"td-pulldown-size\">Publicaciones de Yo Hago<\/span><\/h4><\/div><div id=td_uid_1_69d13958434ed class=\"td_block_inner td-column-1\">\n\n\t<div class=\"td-block-span12\">\n\r\n        <div class=\"td_module_mx1 td_module_wrap td-animation-stack\">\r\n            <div class=\"td-module-thumb\"><a href=\"http:\/\/siurotbk.dev.theroomsocial.com\/?p=4340\" rel=\"bookmark\" class=\"td-image-wrap\" title=\"Un final descafeinado para YO HAGO\"><img fetchpriority=\"high\" decoding=\"async\" width=\"241\" height=\"220\" class=\"entry-thumb\" src=\"http:\/\/siurotbk.dev.theroomsocial.com\/wp-content\/uploads\/2020\/05\/Cris-241x220.jpg\" alt=\"Captura de la plataforma educativa e-Twinning\" title=\"Un final descafeinado para YO HAGO\"\/><\/a><\/div>\r\n            <div class=\"td-module-meta-info\">\r\n                <h3 class=\"entry-title td-module-title\"><a href=\"http:\/\/siurotbk.dev.theroomsocial.com\/?p=4340\" rel=\"bookmark\" title=\"Un final descafeinado para YO HAGO\">Un final descafeinado para YO HAGO<\/a><\/h3>                <div class=\"td-editor-date\">\r\n                                        <span class=\"td-author-date\">\r\n                        <span class=\"td-post-author-name\"><a href=\"http:\/\/siurotbk.dev.theroomsocial.com\/?author=10\">Germ\u00e1n Jim\u00e9nez Hermoso<\/a> <span>-<\/span> <\/span>                        <span class=\"td-post-date\"><time class=\"entry-date updated td-module-date\" datetime=\"2020-05-20T10:27:23+00:00\" >20 de mayo de 2020<\/time><\/span>                    <\/span>\r\n                <\/div>\r\n            <\/div>\r\n\r\n        <\/div>\r\n\r\n        \n\t<\/div> <!-- .\/td-block-span12 -->\n\n\t<div class=\"td-block-span12\">\n\r\n        <div class=\"td_module_mx1 td_module_wrap td-animation-stack\">\r\n            <div class=\"td-module-thumb\"><a href=\"http:\/\/siurotbk.dev.theroomsocial.com\/?p=1707\" rel=\"bookmark\" class=\"td-image-wrap\" title=\"Las manos se convierten en animales que piden ayuda.\"><img decoding=\"async\" width=\"356\" height=\"220\" class=\"entry-thumb\" src=\"http:\/\/siurotbk.dev.theroomsocial.com\/wp-content\/uploads\/2020\/01\/01-356x220.jpeg\" alt=\"\" title=\"Las manos se convierten en animales que piden ayuda.\"\/><\/a><\/div>\r\n            <div class=\"td-module-meta-info\">\r\n                <h3 class=\"entry-title td-module-title\"><a href=\"http:\/\/siurotbk.dev.theroomsocial.com\/?p=1707\" rel=\"bookmark\" title=\"Las manos se convierten en animales que piden ayuda.\">Las manos se convierten en animales que piden ayuda.<\/a><\/h3>                <div class=\"td-editor-date\">\r\n                                        <span class=\"td-author-date\">\r\n                        <span class=\"td-post-author-name\"><a href=\"http:\/\/siurotbk.dev.theroomsocial.com\/?author=10\">Germ\u00e1n Jim\u00e9nez Hermoso<\/a> <span>-<\/span> <\/span>                        <span class=\"td-post-date\"><time class=\"entry-date updated td-module-date\" datetime=\"2020-01-08T19:00:36+00:00\" >8 de enero de 2020<\/time><\/span>                    <\/span>\r\n                <\/div>\r\n            <\/div>\r\n\r\n        <\/div>\r\n\r\n        \n\t<\/div> <!-- .\/td-block-span12 --><\/div><\/div> <!-- .\/block -->[\/vc_column][\/vc_row]<\/p>\n","protected":false},"excerpt":{"rendered":"<p>[vc_row full_width=\u00bbstretch_row\u00bb css=\u00bb.vc_custom_1566128103584{background-position: 0 0 !important;background-repeat: no-repeat !important;}\u00bb][vc_column width=\u00bb2\/3&#8243;][vc_single_image image=\u00bb1539&#8243; img_size=\u00bbfull\u00bb alignment=\u00bbcenter\u00bb css_animation=\u00bbfadeInUp\u00bb css=\u00bb.vc_custom_1572944908077{border-top-width: 3px !important;border-right-width: 3px !important;border-bottom-width: 3px !important;border-left-width: 3px !important;border-left-color: #353550 !important;border-left-style: solid !important;border-right-color: #353550 !important;border-right-style: solid !important;border-top-color: #353550 !important;border-top-style: solid !important;border-bottom-color: #353550 !important;border-bottom-style: solid !important;}\u00bb][vc_column_text] Desde el colegio Manuel Siurot, en nuestro esfuerzo de internacionalizaci\u00f3n, hemos comenzado un nuevo proyecto e-Twinning, junto [&hellip;]<\/p>\n","protected":false},"author":1,"featured_media":76,"parent":0,"menu_order":0,"comment_status":"closed","ping_status":"closed","template":"page-pagebuilder-title.php","meta":{"footnotes":""},"yoast_head":"<!-- This site is optimized with the Yoast SEO plugin v21.7 - https:\/\/yoast.com\/wordpress\/plugins\/seo\/ -->\n<title>Yo hago - Colegio Manuel Siurot de M\u00e1laga<\/title>\n<meta name=\"robots\" content=\"index, follow, max-snippet:-1, max-image-preview:large, max-video-preview:-1\" \/>\n<link rel=\"canonical\" href=\"http:\/\/siurotbk.dev.theroomsocial.com\/?page_id=1537\" \/>\n<meta property=\"og:locale\" content=\"es_ES\" \/>\n<meta property=\"og:type\" content=\"article\" \/>\n<meta property=\"og:title\" content=\"Yo hago - Colegio Manuel Siurot de M\u00e1laga\" \/>\n<meta property=\"og:description\" content=\"[vc_row full_width=\u00bbstretch_row\u00bb css=\u00bb.vc_custom_1566128103584{background-position: 0 0 !important;background-repeat: no-repeat !important;}\u00bb][vc_column width=\u00bb2\/3&#8243;][vc_single_image image=\u00bb1539&#8243; img_size=\u00bbfull\u00bb alignment=\u00bbcenter\u00bb css_animation=\u00bbfadeInUp\u00bb css=\u00bb.vc_custom_1572944908077{border-top-width: 3px !important;border-right-width: 3px !important;border-bottom-width: 3px !important;border-left-width: 3px !important;border-left-color: #353550 !important;border-left-style: solid !important;border-right-color: #353550 !important;border-right-style: solid !important;border-top-color: #353550 !important;border-top-style: solid !important;border-bottom-color: #353550 !important;border-bottom-style: solid !important;}\u00bb][vc_column_text] Desde el colegio Manuel Siurot, en nuestro esfuerzo de internacionalizaci\u00f3n, hemos comenzado un nuevo proyecto e-Twinning, junto [&hellip;]\" \/>\n<meta property=\"og:url\" content=\"http:\/\/siurotbk.dev.theroomsocial.com\/?page_id=1537\" \/>\n<meta property=\"og:site_name\" content=\"Colegio Manuel Siurot de M\u00e1laga\" \/>\n<meta property=\"article:publisher\" content=\"https:\/\/www.facebook.com\/colegiomanuelsiurot\/\" \/>\n<meta property=\"article:modified_time\" content=\"2020-01-09T08:35:54+00:00\" \/>\n<meta property=\"og:image\" content=\"http:\/\/siurotbk.dev.theroomsocial.com\/wp-content\/uploads\/2019\/07\/favicon-siurot.png\" \/>\n\t<meta property=\"og:image:width\" content=\"512\" \/>\n\t<meta property=\"og:image:height\" content=\"512\" \/>\n\t<meta property=\"og:image:type\" content=\"image\/png\" \/>\n<meta name=\"twitter:card\" content=\"summary_large_image\" \/>\n<meta name=\"twitter:site\" content=\"@colegiomsiurot\" \/>\n<meta name=\"twitter:label1\" content=\"Tiempo de lectura\" \/>\n\t<meta name=\"twitter:data1\" content=\"2 minutos\" \/>\n<script type=\"application\/ld+json\" class=\"yoast-schema-graph\">{\"@context\":\"https:\/\/schema.org\",\"@graph\":[{\"@type\":\"WebPage\",\"@id\":\"http:\/\/siurotbk.dev.theroomsocial.com\/?page_id=1537\",\"url\":\"http:\/\/siurotbk.dev.theroomsocial.com\/?page_id=1537\",\"name\":\"Yo hago - Colegio Manuel Siurot de M\u00e1laga\",\"isPartOf\":{\"@id\":\"https:\/\/siurotbk.dev.theroomsocial.com\/#website\"},\"datePublished\":\"2019-11-05T09:08:46+00:00\",\"dateModified\":\"2020-01-09T08:35:54+00:00\",\"breadcrumb\":{\"@id\":\"http:\/\/siurotbk.dev.theroomsocial.com\/?page_id=1537#breadcrumb\"},\"inLanguage\":\"es\",\"potentialAction\":[{\"@type\":\"ReadAction\",\"target\":[\"http:\/\/siurotbk.dev.theroomsocial.com\/?page_id=1537\"]}]},{\"@type\":\"BreadcrumbList\",\"@id\":\"http:\/\/siurotbk.dev.theroomsocial.com\/?page_id=1537#breadcrumb\",\"itemListElement\":[{\"@type\":\"ListItem\",\"position\":1,\"name\":\"Portada\",\"item\":\"https:\/\/siurotbk.dev.theroomsocial.com\/\"},{\"@type\":\"ListItem\",\"position\":2,\"name\":\"Yo hago\"}]},{\"@type\":\"WebSite\",\"@id\":\"https:\/\/siurotbk.dev.theroomsocial.com\/#website\",\"url\":\"https:\/\/siurotbk.dev.theroomsocial.com\/\",\"name\":\"Colegio Manuel Siurot de M\u00e1laga\",\"description\":\"Colegio concertado biling\u00fce\",\"potentialAction\":[{\"@type\":\"SearchAction\",\"target\":{\"@type\":\"EntryPoint\",\"urlTemplate\":\"https:\/\/siurotbk.dev.theroomsocial.com\/?s={search_term_string}\"},\"query-input\":\"required name=search_term_string\"}],\"inLanguage\":\"es\"}]}<\/script>\n<!-- \/ Yoast SEO plugin. -->","yoast_head_json":{"title":"Yo hago - Colegio Manuel Siurot de M\u00e1laga","robots":{"index":"index","follow":"follow","max-snippet":"max-snippet:-1","max-image-preview":"max-image-preview:large","max-video-preview":"max-video-preview:-1"},"canonical":"http:\/\/siurotbk.dev.theroomsocial.com\/?page_id=1537","og_locale":"es_ES","og_type":"article","og_title":"Yo hago - Colegio Manuel Siurot de M\u00e1laga","og_description":"[vc_row full_width=\u00bbstretch_row\u00bb css=\u00bb.vc_custom_1566128103584{background-position: 0 0 !important;background-repeat: no-repeat !important;}\u00bb][vc_column width=\u00bb2\/3&#8243;][vc_single_image image=\u00bb1539&#8243; img_size=\u00bbfull\u00bb alignment=\u00bbcenter\u00bb css_animation=\u00bbfadeInUp\u00bb css=\u00bb.vc_custom_1572944908077{border-top-width: 3px !important;border-right-width: 3px !important;border-bottom-width: 3px !important;border-left-width: 3px !important;border-left-color: #353550 !important;border-left-style: solid !important;border-right-color: #353550 !important;border-right-style: solid !important;border-top-color: #353550 !important;border-top-style: solid !important;border-bottom-color: #353550 !important;border-bottom-style: solid !important;}\u00bb][vc_column_text] Desde el colegio Manuel Siurot, en nuestro esfuerzo de internacionalizaci\u00f3n, hemos comenzado un nuevo proyecto e-Twinning, junto [&hellip;]","og_url":"http:\/\/siurotbk.dev.theroomsocial.com\/?page_id=1537","og_site_name":"Colegio Manuel Siurot de M\u00e1laga","article_publisher":"https:\/\/www.facebook.com\/colegiomanuelsiurot\/","article_modified_time":"2020-01-09T08:35:54+00:00","og_image":[{"width":512,"height":512,"url":"http:\/\/siurotbk.dev.theroomsocial.com\/wp-content\/uploads\/2019\/07\/favicon-siurot.png","type":"image\/png"}],"twitter_card":"summary_large_image","twitter_site":"@colegiomsiurot","twitter_misc":{"Tiempo de lectura":"2 minutos"},"schema":{"@context":"https:\/\/schema.org","@graph":[{"@type":"WebPage","@id":"http:\/\/siurotbk.dev.theroomsocial.com\/?page_id=1537","url":"http:\/\/siurotbk.dev.theroomsocial.com\/?page_id=1537","name":"Yo hago - Colegio Manuel Siurot de M\u00e1laga","isPartOf":{"@id":"https:\/\/siurotbk.dev.theroomsocial.com\/#website"},"datePublished":"2019-11-05T09:08:46+00:00","dateModified":"2020-01-09T08:35:54+00:00","breadcrumb":{"@id":"http:\/\/siurotbk.dev.theroomsocial.com\/?page_id=1537#breadcrumb"},"inLanguage":"es","potentialAction":[{"@type":"ReadAction","target":["http:\/\/siurotbk.dev.theroomsocial.com\/?page_id=1537"]}]},{"@type":"BreadcrumbList","@id":"http:\/\/siurotbk.dev.theroomsocial.com\/?page_id=1537#breadcrumb","itemListElement":[{"@type":"ListItem","position":1,"name":"Portada","item":"https:\/\/siurotbk.dev.theroomsocial.com\/"},{"@type":"ListItem","position":2,"name":"Yo hago"}]},{"@type":"WebSite","@id":"https:\/\/siurotbk.dev.theroomsocial.com\/#website","url":"https:\/\/siurotbk.dev.theroomsocial.com\/","name":"Colegio Manuel Siurot de M\u00e1laga","description":"Colegio concertado biling\u00fce","potentialAction":[{"@type":"SearchAction","target":{"@type":"EntryPoint","urlTemplate":"https:\/\/siurotbk.dev.theroomsocial.com\/?s={search_term_string}"},"query-input":"required name=search_term_string"}],"inLanguage":"es"}]}},"_links":{"self":[{"href":"http:\/\/siurotbk.dev.theroomsocial.com\/index.php?rest_route=\/wp\/v2\/pages\/1537"}],"collection":[{"href":"http:\/\/siurotbk.dev.theroomsocial.com\/index.php?rest_route=\/wp\/v2\/pages"}],"about":[{"href":"http:\/\/siurotbk.dev.theroomsocial.com\/index.php?rest_route=\/wp\/v2\/types\/page"}],"author":[{"embeddable":true,"href":"http:\/\/siurotbk.dev.theroomsocial.com\/index.php?rest_route=\/wp\/v2\/users\/1"}],"replies":[{"embeddable":true,"href":"http:\/\/siurotbk.dev.theroomsocial.com\/index.php?rest_route=%2Fwp%2Fv2%2Fcomments&post=1537"}],"version-history":[{"count":7,"href":"http:\/\/siurotbk.dev.theroomsocial.com\/index.php?rest_route=\/wp\/v2\/pages\/1537\/revisions"}],"predecessor-version":[{"id":1731,"href":"http:\/\/siurotbk.dev.theroomsocial.com\/index.php?rest_route=\/wp\/v2\/pages\/1537\/revisions\/1731"}],"wp:featuredmedia":[{"embeddable":true,"href":"http:\/\/siurotbk.dev.theroomsocial.com\/index.php?rest_route=\/wp\/v2\/media\/76"}],"wp:attachment":[{"href":"http:\/\/siurotbk.dev.theroomsocial.com\/index.php?rest_route=%2Fwp%2Fv2%2Fmedia&parent=1537"}],"curies":[{"name":"wp","href":"https:\/\/api.w.org\/{rel}","templated":true}]}}