{"id":11,"date":"2019-07-11T08:47:17","date_gmt":"2019-07-11T08:47:17","guid":{"rendered":"http:\/\/siurotbk.dev.theroomsocial.com?page_id=11"},"modified":"2019-08-19T10:59:53","modified_gmt":"2019-08-19T08:59:53","slug":"contacto","status":"publish","type":"page","link":"http:\/\/siurotbk.dev.theroomsocial.com\/?page_id=11","title":{"rendered":"Contacto"},"content":{"rendered":"<p>[vc_row full_width=\u00bbstretch_row\u00bb css=\u00bb.vc_custom_1566128103584{background-position: 0 0 !important;background-repeat: no-repeat !important;}\u00bb][vc_column width=\u00bb2\/3&#8243;][vc_column_text]<\/p>\n<div class=\"itemHeader\">\n<p class=\"itemTitle\" style=\"text-align: justify;\">Puede contactar con nuestro centro a trav\u00e9s del siguiente formulario online. Le contestaremos lo antes posible:<\/p>\n<\/div>\n<p>[\/vc_column_text][vc_column_text css_animation=\u00bbfadeInUp\u00bb css=\u00bb.vc_custom_1566205189421{padding: 15px !important;background-color: #f5f6fb !important;}\u00bb]<div class=\"caldera-grid\" id=\"caldera_form_1\" data-cf-ver=\"1.9.5\" data-cf-form-id=\"CF5d5a64cb7298c\"><div id=\"caldera_notices_1\" data-spinner=\"http:\/\/siurotbk.dev.theroomsocial.com\/wp-admin\/images\/spinner.gif\"><\/div><form data-instance=\"1\" class=\"CF5d5a64cb7298c caldera_forms_form cfajax-trigger\" method=\"POST\" enctype=\"multipart\/form-data\" id=\"CF5d5a64cb7298c_1\" data-form-id=\"CF5d5a64cb7298c\" aria-label=\"Contacto\" data-target=\"#caldera_notices_1\" data-template=\"#cfajax_CF5d5a64cb7298c-tmpl\" data-cfajax=\"CF5d5a64cb7298c\" data-load-element=\"_parent\" data-load-class=\"cf_processing\" data-post-disable=\"0\" data-action=\"cf_process_ajax_submit\" data-request=\"http:\/\/siurotbk.dev.theroomsocial.com\/?cf_api=CF5d5a64cb7298c\" data-hiderows=\"true\">\r\n<input type=\"hidden\" id=\"_cf_verify_CF5d5a64cb7298c\" name=\"_cf_verify\" value=\"c7ee6ab76a\"  data-nonce-time=\"1775319367\" \/><input type=\"hidden\" name=\"_wp_http_referer\" value=\"\/index.php?rest_route=%2Fwp%2Fv2%2Fpages%2F11\" \/><div id=\"cf2-CF5d5a64cb7298c_1\"><\/div><input type=\"hidden\" name=\"_cf_frm_id\" value=\"CF5d5a64cb7298c\">\r\n<input type=\"hidden\" name=\"_cf_frm_ct\" value=\"1\">\r\n<input type=\"hidden\" name=\"cfajax\" value=\"CF5d5a64cb7298c\">\r\n<input type=\"hidden\" name=\"_cf_cr_pst\" value=\"11\">\r\n<div class=\"hide\" style=\"display:none; overflow:hidden;height:0;width:0;\">\r\n<label>Twitter<\/label><input type=\"text\" name=\"twitter\" value=\"\" autocomplete=\"off\">\r\n<\/div><div id=\"CF5d5a64cb7298c_1-row-1\"  class=\"row  first_row\"><div  class=\"col-sm-7  first_col\"><div data-field-wrapper=\"fld_791792\" class=\"form-group\" id=\"fld_791792_1-wrap\">\r\n\t<label id=\"fld_791792Label\" for=\"fld_791792_1\" class=\"control-label\">Nombre y apellidos <span aria-hidden=\"true\" role=\"presentation\" class=\"field_required\" style=\"color:#ee0000;\">*<\/span><\/label>\r\n\t<div class=\"\">\r\n\t\t<input placeholder=\"Introduzca su nombre y apellidos\"  required type=\"text\" data-field=\"fld_791792\" class=\" form-control\" id=\"fld_791792_1\" name=\"fld_791792\" value=\"\" data-type=\"text\" aria-required=\"true\"   aria-labelledby=\"fld_791792Label\" >\t\t\t<\/div>\r\n<\/div>\r\n<\/div><div  class=\"col-sm-5  last_col\"><div data-field-wrapper=\"fld_766840\" class=\"form-group\" id=\"fld_766840_1-wrap\">\r\n\t<label id=\"fld_766840Label\" for=\"fld_766840_1\" class=\"control-label\">Correo electr\u00f3nico <span aria-hidden=\"true\" role=\"presentation\" class=\"field_required\" style=\"color:#ee0000;\">*<\/span><\/label>\r\n\t<div class=\"\">\r\n\t\t<input placeholder=\"Introduzca su e-mail\"  required type=\"email\" data-field=\"fld_766840\" class=\" form-control\" id=\"fld_766840_1\" name=\"fld_766840\" value=\"\" data-type=\"email\" aria-required=\"true\"   aria-labelledby=\"fld_766840Label\" >\t\t\t<\/div>\r\n<\/div>\r\n<\/div><\/div><div id=\"CF5d5a64cb7298c_1-row-2\"  class=\"row  last_row\"><div  class=\"col-sm-12  single\"><div data-field-wrapper=\"fld_2975034\" class=\"form-group\" id=\"fld_2975034_1-wrap\">\r\n\t<label id=\"fld_2975034Label\" for=\"fld_2975034_1\" class=\"control-label\">Asunto <span aria-hidden=\"true\" role=\"presentation\" class=\"field_required\" style=\"color:#ee0000;\">*<\/span><\/label>\r\n\t<div class=\"\">\r\n\t\t<input placeholder=\"Motivo de su consulta\"  required type=\"text\" data-field=\"fld_2975034\" class=\" form-control\" id=\"fld_2975034_1\" name=\"fld_2975034\" value=\"\" data-type=\"text\" aria-required=\"true\"   aria-labelledby=\"fld_2975034Label\" >\t\t\t<\/div>\r\n<\/div>\r\n<div data-field-wrapper=\"fld_4392630\" class=\"form-group\" id=\"fld_4392630_1-wrap\">\r\n\t<label id=\"fld_4392630Label\" for=\"fld_4392630_1\" class=\"control-label\">Su mensaje <span aria-hidden=\"true\" role=\"presentation\" class=\"field_required\" style=\"color:#ee0000;\">*<\/span><\/label>\r\n\t<div class=\"\">\r\n\t\t<textarea name=\"fld_4392630\" value=\"\" data-field=\"fld_4392630\" class=\"form-control\" id=\"fld_4392630_1\" rows=\"7\" placeholder=\"Descr\u00edbanos el motivo de su contacto\"  required=\"required\"  aria-labelledby=\"fld_4392630Label\" ><\/textarea>\n\t\t\t<\/div>\r\n<\/div>\r\n<div data-field-wrapper=\"fld_5605535\" class=\"form-group\" id=\"fld_5605535_1-wrap\">\r\n\t<label id=\"fld_5605535Label\" for=\"fld_5605535_1\" class=\"control-label\">T\u00e9rminos y condiciones <span aria-hidden=\"true\" role=\"presentation\" class=\"field_required\" style=\"color:#ee0000;\">*<\/span><\/label>\r\n\t<div class=\"\">\r\n\t\t\t\t\t\t\t\t\t\t\t<div class=\"checkbox\">\n\t\t\t\t\n                <label                         for=\"fld_5605535_1_opt1940299\"\n                >\n                            <input\n                                data-parsley-required=\"true\" data-parsley-group=\"fld_5605535_1\" data-parsley-multiple=\"fld_5605535_1\"                                type=\"checkbox\"\n                                data-label=\"Consiento que el Colegio Biling\u00fce Manuel Siurot utilice mis datos para atender mi petici\u00f3n y enviarme informaci\u00f3n al respecto. He le\u00eddo y acepto el tratamiento que se va a realizar con mis datos y las condiciones de uso que est\u00e1n establecidas en el &lt;a href=&quot;https:\/\/www.manuelsiurot.es\/aviso-legal&quot; target=&quot;_blank&quot;&gt;Aviso legal&lt;\/a&gt;\"\n                                data-field=\"fld_5605535\"\n                                id=\"fld_5605535_1_opt1940299\"\n                                class=\"fld_5605535_1 option-required\"\n                                name=\"fld_5605535[opt1940299]\"\n                                value=\"Consiento que el Colegio Biling\u00fce Manuel Siurot utilice mis datos para atender mi petici\u00f3n y enviarme informaci\u00f3n al respecto. He le\u00eddo y acepto el tratamiento que se va a realizar con mis datos y las condiciones de uso que est\u00e1n establecidas en el &lt;a href=&quot;https:\/\/www.manuelsiurot.es\/aviso-legal&quot; target=&quot;_blank&quot;&gt;Aviso legal&lt;\/a&gt;\"\n                                                                data-type=\"checkbox\"\n                                data-checkbox-field=\"fld_5605535_1\"\n                                                                data-calc-value=\"Consiento que el Colegio Biling\u00fce Manuel Siurot utilice mis datos para atender mi petici\u00f3n y enviarme informaci\u00f3n al respecto. He le\u00eddo y acepto el tratamiento que se va a realizar con mis datos y las condiciones de uso que est\u00e1n establecidas en el &lt;a href=&quot;https:\/\/www.manuelsiurot.es\/aviso-legal&quot; target=&quot;_blank&quot;&gt;Aviso legal&lt;\/a&gt;\"\n                            >\n                    Consiento que el Colegio Biling\u00fce Manuel Siurot utilice mis datos para atender mi petici\u00f3n y enviarme informaci\u00f3n al respecto. He le\u00eddo y acepto el tratamiento que se va a realizar con mis datos y las condiciones de uso que est\u00e1n establecidas en el <a href=\"https:\/\/www.manuelsiurot.es\/aviso-legal\" target=\"_blank\">Aviso legal<\/a>                <\/label>\n\n                \t\t\t\t\t<\/div>\n\t\t\t\t\t\t\t\t\t\t\t<\/div>\r\n<\/div>\r\n<div data-field-wrapper=\"fld_6371375\" class=\"form-group\" id=\"fld_6371375_1-wrap\">\r\n<div class=\"\">\r\n\t<input  class=\"btn btn-default\" type=\"submit\" name=\"fld_6371375\" id=\"fld_6371375_1\" value=\"Enviar\" data-field=\"fld_6371375\"  >\n<\/div>\r\n<\/div>\r\n\t<input class=\"button_trigger_1\" type=\"hidden\" name=\"fld_6371375\" id=\"fld_6371375_1_btn\" value=\"\" data-field=\"fld_6371375\"  \/>\n<\/div><\/div><\/form>\r\n<\/div>\r\n[\/vc_column_text][\/vc_column][vc_column width=\u00bb1\/3&#8243;][vc_widget_sidebar sidebar_id=\u00bbtd-default\u00bb][\/vc_column][\/vc_row]<\/p>\n","protected":false},"excerpt":{"rendered":"<p>[vc_row full_width=\u00bbstretch_row\u00bb css=\u00bb.vc_custom_1566128103584{background-position: 0 0 !important;background-repeat: no-repeat !important;}\u00bb][vc_column width=\u00bb2\/3&#8243;][vc_column_text] Puede contactar con nuestro centro a trav\u00e9s del siguiente formulario online. Le contestaremos lo antes posible: [\/vc_column_text][vc_column_text css_animation=\u00bbfadeInUp\u00bb css=\u00bb.vc_custom_1566205189421{padding: 15px !important;background-color: #f5f6fb !important;}\u00bb][\/vc_column_text][\/vc_column][vc_column width=\u00bb1\/3&#8243;][vc_widget_sidebar sidebar_id=\u00bbtd-default\u00bb][\/vc_column][\/vc_row]<\/p>\n","protected":false},"author":1,"featured_media":16,"parent":0,"menu_order":0,"comment_status":"closed","ping_status":"closed","template":"page-pagebuilder-title.php","meta":{"footnotes":""},"yoast_head":"<!-- This site is optimized with the Yoast SEO plugin v21.7 - https:\/\/yoast.com\/wordpress\/plugins\/seo\/ -->\n<title>Contacto - Colegio Manuel Siurot de M\u00e1laga<\/title>\n<meta name=\"robots\" content=\"index, follow, max-snippet:-1, max-image-preview:large, max-video-preview:-1\" \/>\n<link rel=\"canonical\" href=\"http:\/\/siurotbk.dev.theroomsocial.com\/?page_id=11\" \/>\n<meta property=\"og:locale\" content=\"es_ES\" \/>\n<meta property=\"og:type\" content=\"article\" \/>\n<meta property=\"og:title\" content=\"Contacto - Colegio Manuel Siurot de M\u00e1laga\" \/>\n<meta property=\"og:description\" content=\"[vc_row full_width=\u00bbstretch_row\u00bb css=\u00bb.vc_custom_1566128103584{background-position: 0 0 !important;background-repeat: no-repeat !important;}\u00bb][vc_column width=\u00bb2\/3&#8243;][vc_column_text] Puede contactar con nuestro centro a trav\u00e9s del siguiente formulario online. Le contestaremos lo antes posible: [\/vc_column_text][vc_column_text css_animation=\u00bbfadeInUp\u00bb css=\u00bb.vc_custom_1566205189421{padding: 15px !important;background-color: #f5f6fb !important;}\u00bb][\/vc_column_text][\/vc_column][vc_column width=\u00bb1\/3&#8243;][vc_widget_sidebar sidebar_id=\u00bbtd-default\u00bb][\/vc_column][\/vc_row]\" \/>\n<meta property=\"og:url\" content=\"http:\/\/siurotbk.dev.theroomsocial.com\/?page_id=11\" \/>\n<meta property=\"og:site_name\" content=\"Colegio Manuel Siurot de M\u00e1laga\" \/>\n<meta property=\"article:publisher\" content=\"https:\/\/www.facebook.com\/colegiomanuelsiurot\/\" \/>\n<meta property=\"article:modified_time\" content=\"2019-08-19T08:59:53+00:00\" \/>\n<meta property=\"og:image\" content=\"http:\/\/siurotbk.dev.theroomsocial.com\/wp-content\/uploads\/2019\/07\/favicon.png\" \/>\n\t<meta property=\"og:image:width\" content=\"512\" \/>\n\t<meta property=\"og:image:height\" content=\"512\" \/>\n\t<meta property=\"og:image:type\" content=\"image\/png\" \/>\n<meta name=\"twitter:card\" content=\"summary_large_image\" \/>\n<meta name=\"twitter:site\" content=\"@colegiomsiurot\" \/>\n<script type=\"application\/ld+json\" class=\"yoast-schema-graph\">{\"@context\":\"https:\/\/schema.org\",\"@graph\":[{\"@type\":\"WebPage\",\"@id\":\"http:\/\/siurotbk.dev.theroomsocial.com\/?page_id=11\",\"url\":\"http:\/\/siurotbk.dev.theroomsocial.com\/?page_id=11\",\"name\":\"Contacto - Colegio Manuel Siurot de M\u00e1laga\",\"isPartOf\":{\"@id\":\"https:\/\/siurotbk.dev.theroomsocial.com\/#website\"},\"datePublished\":\"2019-07-11T08:47:17+00:00\",\"dateModified\":\"2019-08-19T08:59:53+00:00\",\"breadcrumb\":{\"@id\":\"http:\/\/siurotbk.dev.theroomsocial.com\/?page_id=11#breadcrumb\"},\"inLanguage\":\"es\",\"potentialAction\":[{\"@type\":\"ReadAction\",\"target\":[\"http:\/\/siurotbk.dev.theroomsocial.com\/?page_id=11\"]}]},{\"@type\":\"BreadcrumbList\",\"@id\":\"http:\/\/siurotbk.dev.theroomsocial.com\/?page_id=11#breadcrumb\",\"itemListElement\":[{\"@type\":\"ListItem\",\"position\":1,\"name\":\"Portada\",\"item\":\"https:\/\/siurotbk.dev.theroomsocial.com\/\"},{\"@type\":\"ListItem\",\"position\":2,\"name\":\"Contacto\"}]},{\"@type\":\"WebSite\",\"@id\":\"https:\/\/siurotbk.dev.theroomsocial.com\/#website\",\"url\":\"https:\/\/siurotbk.dev.theroomsocial.com\/\",\"name\":\"Colegio Manuel Siurot de M\u00e1laga\",\"description\":\"Colegio concertado biling\u00fce\",\"potentialAction\":[{\"@type\":\"SearchAction\",\"target\":{\"@type\":\"EntryPoint\",\"urlTemplate\":\"https:\/\/siurotbk.dev.theroomsocial.com\/?s={search_term_string}\"},\"query-input\":\"required name=search_term_string\"}],\"inLanguage\":\"es\"}]}<\/script>\n<!-- \/ Yoast SEO plugin. -->","yoast_head_json":{"title":"Contacto - Colegio Manuel Siurot de M\u00e1laga","robots":{"index":"index","follow":"follow","max-snippet":"max-snippet:-1","max-image-preview":"max-image-preview:large","max-video-preview":"max-video-preview:-1"},"canonical":"http:\/\/siurotbk.dev.theroomsocial.com\/?page_id=11","og_locale":"es_ES","og_type":"article","og_title":"Contacto - Colegio Manuel Siurot de M\u00e1laga","og_description":"[vc_row full_width=\u00bbstretch_row\u00bb css=\u00bb.vc_custom_1566128103584{background-position: 0 0 !important;background-repeat: no-repeat !important;}\u00bb][vc_column width=\u00bb2\/3&#8243;][vc_column_text] Puede contactar con nuestro centro a trav\u00e9s del siguiente formulario online. Le contestaremos lo antes posible: [\/vc_column_text][vc_column_text css_animation=\u00bbfadeInUp\u00bb css=\u00bb.vc_custom_1566205189421{padding: 15px !important;background-color: #f5f6fb !important;}\u00bb][\/vc_column_text][\/vc_column][vc_column width=\u00bb1\/3&#8243;][vc_widget_sidebar sidebar_id=\u00bbtd-default\u00bb][\/vc_column][\/vc_row]","og_url":"http:\/\/siurotbk.dev.theroomsocial.com\/?page_id=11","og_site_name":"Colegio Manuel Siurot de M\u00e1laga","article_publisher":"https:\/\/www.facebook.com\/colegiomanuelsiurot\/","article_modified_time":"2019-08-19T08:59:53+00:00","og_image":[{"width":512,"height":512,"url":"http:\/\/siurotbk.dev.theroomsocial.com\/wp-content\/uploads\/2019\/07\/favicon.png","type":"image\/png"}],"twitter_card":"summary_large_image","twitter_site":"@colegiomsiurot","schema":{"@context":"https:\/\/schema.org","@graph":[{"@type":"WebPage","@id":"http:\/\/siurotbk.dev.theroomsocial.com\/?page_id=11","url":"http:\/\/siurotbk.dev.theroomsocial.com\/?page_id=11","name":"Contacto - Colegio Manuel Siurot de M\u00e1laga","isPartOf":{"@id":"https:\/\/siurotbk.dev.theroomsocial.com\/#website"},"datePublished":"2019-07-11T08:47:17+00:00","dateModified":"2019-08-19T08:59:53+00:00","breadcrumb":{"@id":"http:\/\/siurotbk.dev.theroomsocial.com\/?page_id=11#breadcrumb"},"inLanguage":"es","potentialAction":[{"@type":"ReadAction","target":["http:\/\/siurotbk.dev.theroomsocial.com\/?page_id=11"]}]},{"@type":"BreadcrumbList","@id":"http:\/\/siurotbk.dev.theroomsocial.com\/?page_id=11#breadcrumb","itemListElement":[{"@type":"ListItem","position":1,"name":"Portada","item":"https:\/\/siurotbk.dev.theroomsocial.com\/"},{"@type":"ListItem","position":2,"name":"Contacto"}]},{"@type":"WebSite","@id":"https:\/\/siurotbk.dev.theroomsocial.com\/#website","url":"https:\/\/siurotbk.dev.theroomsocial.com\/","name":"Colegio Manuel Siurot de M\u00e1laga","description":"Colegio concertado biling\u00fce","potentialAction":[{"@type":"SearchAction","target":{"@type":"EntryPoint","urlTemplate":"https:\/\/siurotbk.dev.theroomsocial.com\/?s={search_term_string}"},"query-input":"required name=search_term_string"}],"inLanguage":"es"}]}},"_links":{"self":[{"href":"http:\/\/siurotbk.dev.theroomsocial.com\/index.php?rest_route=\/wp\/v2\/pages\/11"}],"collection":[{"href":"http:\/\/siurotbk.dev.theroomsocial.com\/index.php?rest_route=\/wp\/v2\/pages"}],"about":[{"href":"http:\/\/siurotbk.dev.theroomsocial.com\/index.php?rest_route=\/wp\/v2\/types\/page"}],"author":[{"embeddable":true,"href":"http:\/\/siurotbk.dev.theroomsocial.com\/index.php?rest_route=\/wp\/v2\/users\/1"}],"replies":[{"embeddable":true,"href":"http:\/\/siurotbk.dev.theroomsocial.com\/index.php?rest_route=%2Fwp%2Fv2%2Fcomments&post=11"}],"version-history":[{"count":4,"href":"http:\/\/siurotbk.dev.theroomsocial.com\/index.php?rest_route=\/wp\/v2\/pages\/11\/revisions"}],"predecessor-version":[{"id":1086,"href":"http:\/\/siurotbk.dev.theroomsocial.com\/index.php?rest_route=\/wp\/v2\/pages\/11\/revisions\/1086"}],"wp:featuredmedia":[{"embeddable":true,"href":"http:\/\/siurotbk.dev.theroomsocial.com\/index.php?rest_route=\/wp\/v2\/media\/16"}],"wp:attachment":[{"href":"http:\/\/siurotbk.dev.theroomsocial.com\/index.php?rest_route=%2Fwp%2Fv2%2Fmedia&parent=11"}],"curies":[{"name":"wp","href":"https:\/\/api.w.org\/{rel}","templated":true}]}}